{"id":26822,"date":"2024-10-01T12:46:12","date_gmt":"2024-10-01T10:46:12","guid":{"rendered":"https:\/\/www.profutcamps.com\/?page_id=26822"},"modified":"2025-09-03T15:30:19","modified_gmt":"2025-09-03T13:30:19","slug":"campus","status":"publish","type":"page","link":"https:\/\/www.profutcamps.com\/en\/campus\/","title":{"rendered":"Home Campus"},"content":{"rendered":"<div data-elementor-type=\"wp-page\" data-elementor-id=\"26822\" class=\"elementor elementor-26822\" data-elementor-post-type=\"page\">\n\t\t\t\t<div class=\"elementor-element elementor-element-2b4229d0 e-con-full e-flex e-con e-parent\" data-id=\"2b4229d0\" data-element_type=\"container\" data-e-type=\"container\" data-settings=\"{&quot;background_background&quot;:&quot;classic&quot;}\">\n\t\t<div class=\"elementor-element elementor-element-ed8c3cf e-con-full e-flex e-con e-child\" data-id=\"ed8c3cf\" data-element_type=\"container\" data-e-type=\"container\" id=\"main-parent\" data-settings=\"{&quot;background_background&quot;:&quot;classic&quot;}\">\n\t\t<div class=\"elementor-element elementor-element-779c8377 e-con-full single-card e-flex e-con e-child\" data-id=\"779c8377\" data-element_type=\"container\" data-e-type=\"container\" id=\"card-one\" data-settings=\"{&quot;background_background&quot;:&quot;classic&quot;}\">\n\t\t\t\t<div class=\"elementor-element elementor-element-0448e61 elementor-widget elementor-widget-heading\" data-id=\"0448e61\" data-element_type=\"widget\" data-e-type=\"widget\" data-widget_type=\"heading.default\">\n\t\t\t\t<div class=\"elementor-widget-container\">\n\t\t\t\t\t<h2 class=\"elementor-heading-title elementor-size-default translation-block\"><span class=\"semibold\">Cl\u00ednic<\/span> Holy Week<\/h2>\t\t\t\t<\/div>\n\t\t\t\t<\/div>\n\t\t\t\t<div class=\"elementor-element elementor-element-1b365fbc elementor-widget elementor-widget-text-editor\" data-id=\"1b365fbc\" data-element_type=\"widget\" data-e-type=\"widget\" data-widget_type=\"text-editor.default\">\n\t\t\t\t<div class=\"elementor-widget-container\">\n\t\t\t\t\t\t\t\t\t<p>The Profutcamps clinic consists of high-performance and technical training sessions in small groups. Players will train for 4 days alongside teammates and coaches from different parts of Spain, including some from the best youth academies in the country.\u00a0<\/p>\t\t\t\t\t\t\t\t<\/div>\n\t\t\t\t<\/div>\n\t\t\t\t<div class=\"elementor-element elementor-element-1eb82f4 elementor-widget elementor-widget-button\" data-id=\"1eb82f4\" data-element_type=\"widget\" data-e-type=\"widget\" data-widget_type=\"button.default\">\n\t\t\t\t<div class=\"elementor-widget-container\">\n\t\t\t\t\t\t\t\t\t<div class=\"elementor-button-wrapper\">\n\t\t\t\t\t<a class=\"elementor-button elementor-button-link elementor-size-sm\" href=\"https:\/\/www.profutcamps.com\/en\/clinic-semana-santa\/\">\n\t\t\t\t\t\t<span class=\"elementor-button-content-wrapper\">\n\t\t\t\t\t\t\t\t\t<span class=\"elementor-button-text\">MORE INFORMATION<\/span>\n\t\t\t\t\t<\/span>\n\t\t\t\t\t<\/a>\n\t\t\t\t<\/div>\n\t\t\t\t\t\t\t\t<\/div>\n\t\t\t\t<\/div>\n\t\t\t\t<\/div>\n\t\t<div class=\"elementor-element elementor-element-5cbde5aa e-con-full single-card e-flex e-con e-child\" data-id=\"5cbde5aa\" data-element_type=\"container\" data-e-type=\"container\" id=\"card-two\" data-settings=\"{&quot;background_background&quot;:&quot;classic&quot;}\">\n\t\t\t\t<div class=\"elementor-element elementor-element-4739158f elementor-widget elementor-widget-heading\" data-id=\"4739158f\" data-element_type=\"widget\" data-e-type=\"widget\" data-widget_type=\"heading.default\">\n\t\t\t\t<div class=\"elementor-widget-container\">\n\t\t\t\t\t<h2 class=\"elementor-heading-title elementor-size-default translation-block\"><font color=\"E6BF09\">SUMMER<\/font><br>CAMPUS<\/h2>\t\t\t\t<\/div>\n\t\t\t\t<\/div>\n\t\t\t\t<div class=\"elementor-element elementor-element-26a6d53 elementor-widget elementor-widget-text-editor\" data-id=\"26a6d53\" data-element_type=\"widget\" data-e-type=\"widget\" data-widget_type=\"text-editor.default\">\n\t\t\t\t<div class=\"elementor-widget-container\">\n\t\t\t\t\t\t\t\t\t<p>The Profutcamps football campus is designed for young players aged 6 to 23. They will spend a week training with teammates and coaches from different nationalities, including professionals from the top youth academies in Spain and around the world, as well as visits from professional and former professional players.<\/p>\t\t\t\t\t\t\t\t<\/div>\n\t\t\t\t<\/div>\n\t\t\t\t<div class=\"elementor-element elementor-element-48e4656 elementor-widget elementor-widget-button\" data-id=\"48e4656\" data-element_type=\"widget\" data-e-type=\"widget\" data-widget_type=\"button.default\">\n\t\t\t\t<div class=\"elementor-widget-container\">\n\t\t\t\t\t\t\t\t\t<div class=\"elementor-button-wrapper\">\n\t\t\t\t\t<a class=\"elementor-button elementor-button-link elementor-size-sm\" href=\"https:\/\/www.profutcamps.com\/en\/campus-marbella\/\">\n\t\t\t\t\t\t<span class=\"elementor-button-content-wrapper\">\n\t\t\t\t\t\t\t\t\t<span class=\"elementor-button-text\">MORE INFORMATION<\/span>\n\t\t\t\t\t<\/span>\n\t\t\t\t\t<\/a>\n\t\t\t\t<\/div>\n\t\t\t\t\t\t\t\t<\/div>\n\t\t\t\t<\/div>\n\t\t\t\t<\/div>\n\t\t<div class=\"elementor-element elementor-element-523e1fb5 e-con-full single-card e-flex e-con e-child\" data-id=\"523e1fb5\" data-element_type=\"container\" data-e-type=\"container\" data-settings=\"{&quot;background_background&quot;:&quot;classic&quot;}\">\n\t\t\t\t<div class=\"elementor-element elementor-element-1b8283c9 elementor-widget elementor-widget-heading\" data-id=\"1b8283c9\" data-element_type=\"widget\" data-e-type=\"widget\" data-widget_type=\"heading.default\">\n\t\t\t\t<div class=\"elementor-widget-container\">\n\t\t\t\t\t<h2 class=\"elementor-heading-title elementor-size-default\">CHRISTMAS CAMPUS<\/h2>\t\t\t\t<\/div>\n\t\t\t\t<\/div>\n\t\t\t\t<div class=\"elementor-element elementor-element-17591efa elementor-widget elementor-widget-text-editor\" data-id=\"17591efa\" data-element_type=\"widget\" data-e-type=\"widget\" data-widget_type=\"text-editor.default\">\n\t\t\t\t<div class=\"elementor-widget-container\">\n\t\t\t\t\t\t\t\t\t<p>The City of Football of the Spanish Football Federation is once again the venue for our international Christmas football campus. A high-performance and technical training Christmas camp for players and goalkeepers of all levels aged 6 to 23.&nbsp;<\/p>\t\t\t\t\t\t\t\t<\/div>\n\t\t\t\t<\/div>\n\t\t\t\t<div class=\"elementor-element elementor-element-6122654d elementor-widget elementor-widget-button\" data-id=\"6122654d\" data-element_type=\"widget\" data-e-type=\"widget\" data-widget_type=\"button.default\">\n\t\t\t\t<div class=\"elementor-widget-container\">\n\t\t\t\t\t\t\t\t\t<div class=\"elementor-button-wrapper\">\n\t\t\t\t\t<a class=\"elementor-button elementor-button-link elementor-size-sm\" href=\"https:\/\/www.profutcamps.com\/en\/campus-navidad\/\">\n\t\t\t\t\t\t<span class=\"elementor-button-content-wrapper\">\n\t\t\t\t\t\t\t\t\t<span class=\"elementor-button-text\">MORE INFORMATION<\/span>\n\t\t\t\t\t<\/span>\n\t\t\t\t\t<\/a>\n\t\t\t\t<\/div>\n\t\t\t\t\t\t\t\t<\/div>\n\t\t\t\t<\/div>\n\t\t\t\t<\/div>\n\t\t\t\t<\/div>\n\t\t\t\t<\/div>\n\t\t\t\t<\/div>","protected":false},"excerpt":{"rendered":"<p>CL\u00cdNIC SEMANA SANTA El cl\u00ednic Profutcamps est\u00e1 compuesto de jornadas de entrenamiento de tecnificaci\u00f3n y alto rendimiento en grupos reducidos. Entrenar\u00e1n durante 4 d\u00edas con compa\u00f1eros y entrenadores de diferentes lugares de Espa\u00f1a, algunos pertenecientes a las mejores canteras de Espa\u00f1a.\u00a0 M\u00c1S INFORMACI\u00d3N CAMPUS DE VERANO El campus de f\u00fatbol Profutcamps se dirige a j\u00f3venes [&hellip;]<\/p>\n","protected":false},"author":330,"featured_media":0,"parent":0,"menu_order":0,"comment_status":"closed","ping_status":"closed","template":"","meta":{"footnotes":""},"class_list":["post-26822","page","type-page","status-publish","hentry"],"yoast_head":"<!-- This site is optimized with the Yoast SEO plugin v27.4 - https:\/\/yoast.com\/product\/yoast-seo-wordpress\/ -->\n<title>Campus de F\u00fatbol - Profutcamps<\/title>\n<meta name=\"description\" content=\"Disfruta de los mejores campus de f\u00fatbol de Europa con Profutcamps: Cl\u00ednic de Semana Santa, Campus de Verano y Campus de Navidad\" \/>\n<meta name=\"robots\" content=\"index, follow, max-snippet:-1, max-image-preview:large, max-video-preview:-1\" \/>\n<link rel=\"canonical\" href=\"https:\/\/www.profutcamps.com\/en\/campus\/\" \/>\n<meta property=\"og:locale\" content=\"en_GB\" \/>\n<meta property=\"og:type\" content=\"article\" \/>\n<meta property=\"og:title\" content=\"Campus de F\u00fatbol - Profutcamps\" \/>\n<meta property=\"og:description\" content=\"Disfruta de los mejores campus de f\u00fatbol de Europa con Profutcamps: Cl\u00ednic de Semana Santa, Campus de Verano y Campus de Navidad\" \/>\n<meta property=\"og:url\" content=\"https:\/\/www.profutcamps.com\/en\/campus\/\" \/>\n<meta property=\"og:site_name\" content=\"Profutcamps\" \/>\n<meta property=\"article:publisher\" content=\"https:\/\/www.facebook.com\/Profutcamps\/\" \/>\n<meta property=\"article:modified_time\" content=\"2025-09-03T13:30:19+00:00\" \/>\n<meta name=\"twitter:card\" content=\"summary_large_image\" \/>\n<meta name=\"twitter:site\" content=\"@profutcamps\" \/>\n<meta name=\"twitter:label1\" content=\"Estimated reading time\" \/>\n\t<meta name=\"twitter:data1\" content=\"1 minute\" \/>\n<script type=\"application\/ld+json\" class=\"yoast-schema-graph\">{\"@context\":\"https:\\\/\\\/schema.org\",\"@graph\":[{\"@type\":\"WebPage\",\"@id\":\"https:\\\/\\\/www.profutcamps.com\\\/campus\\\/\",\"url\":\"https:\\\/\\\/www.profutcamps.com\\\/campus\\\/\",\"name\":\"Campus de F\u00fatbol - Profutcamps\",\"isPartOf\":{\"@id\":\"https:\\\/\\\/www.profutcamps.com\\\/#website\"},\"datePublished\":\"2024-10-01T10:46:12+00:00\",\"dateModified\":\"2025-09-03T13:30:19+00:00\",\"description\":\"Disfruta de los mejores campus de f\u00fatbol de Europa con Profutcamps: Cl\u00ednic de Semana Santa, Campus de Verano y Campus de Navidad\",\"breadcrumb\":{\"@id\":\"https:\\\/\\\/www.profutcamps.com\\\/campus\\\/#breadcrumb\"},\"inLanguage\":\"en-GB\",\"potentialAction\":[{\"@type\":\"ReadAction\",\"target\":[\"https:\\\/\\\/www.profutcamps.com\\\/campus\\\/\"]}]},{\"@type\":\"BreadcrumbList\",\"@id\":\"https:\\\/\\\/www.profutcamps.com\\\/campus\\\/#breadcrumb\",\"itemListElement\":[{\"@type\":\"ListItem\",\"position\":1,\"name\":\"Portada\",\"item\":\"https:\\\/\\\/www.profutcamps.com\\\/\"},{\"@type\":\"ListItem\",\"position\":2,\"name\":\"Home Campus\"}]},{\"@type\":\"WebSite\",\"@id\":\"https:\\\/\\\/www.profutcamps.com\\\/#website\",\"url\":\"https:\\\/\\\/www.profutcamps.com\\\/\",\"name\":\"Profutcamps\",\"description\":\"Entrena como un profesional.\",\"publisher\":{\"@id\":\"https:\\\/\\\/www.profutcamps.com\\\/#organization\"},\"potentialAction\":[{\"@type\":\"SearchAction\",\"target\":{\"@type\":\"EntryPoint\",\"urlTemplate\":\"https:\\\/\\\/www.profutcamps.com\\\/?s={search_term_string}\"},\"query-input\":{\"@type\":\"PropertyValueSpecification\",\"valueRequired\":true,\"valueName\":\"search_term_string\"}}],\"inLanguage\":\"en-GB\"},{\"@type\":\"Organization\",\"@id\":\"https:\\\/\\\/www.profutcamps.com\\\/#organization\",\"name\":\"Profutcamps\",\"url\":\"https:\\\/\\\/www.profutcamps.com\\\/\",\"logo\":{\"@type\":\"ImageObject\",\"inLanguage\":\"en-GB\",\"@id\":\"https:\\\/\\\/www.profutcamps.com\\\/#\\\/schema\\\/logo\\\/image\\\/\",\"url\":\"\",\"contentUrl\":\"\",\"caption\":\"Profutcamps\"},\"image\":{\"@id\":\"https:\\\/\\\/www.profutcamps.com\\\/#\\\/schema\\\/logo\\\/image\\\/\"},\"sameAs\":[\"https:\\\/\\\/www.facebook.com\\\/Profutcamps\\\/\",\"https:\\\/\\\/x.com\\\/profutcamps\",\"https:\\\/\\\/www.instagram.com\\\/profutcamps\\\/\",\"https:\\\/\\\/www.linkedin.com\\\/company\\\/profutcamps\\\/\",\"https:\\\/\\\/www.youtube.com\\\/channel\\\/UCzqVg3BauC6-rsrDNuhEPlQ\\\/featured\"]}]}<\/script>\n<!-- \/ Yoast SEO plugin. -->","yoast_head_json":{"title":"Campus de F\u00fatbol - Profutcamps","description":"Disfruta de los mejores campus de f\u00fatbol de Europa con Profutcamps: Cl\u00ednic de Semana Santa, Campus de Verano y Campus de Navidad","robots":{"index":"index","follow":"follow","max-snippet":"max-snippet:-1","max-image-preview":"max-image-preview:large","max-video-preview":"max-video-preview:-1"},"canonical":"https:\/\/www.profutcamps.com\/en\/campus\/","og_locale":"en_GB","og_type":"article","og_title":"Campus de F\u00fatbol - Profutcamps","og_description":"Disfruta de los mejores campus de f\u00fatbol de Europa con Profutcamps: Cl\u00ednic de Semana Santa, Campus de Verano y Campus de Navidad","og_url":"https:\/\/www.profutcamps.com\/en\/campus\/","og_site_name":"Profutcamps","article_publisher":"https:\/\/www.facebook.com\/Profutcamps\/","article_modified_time":"2025-09-03T13:30:19+00:00","twitter_card":"summary_large_image","twitter_site":"@profutcamps","twitter_misc":{"Estimated reading time":"1 minute"},"schema":{"@context":"https:\/\/schema.org","@graph":[{"@type":"WebPage","@id":"https:\/\/www.profutcamps.com\/campus\/","url":"https:\/\/www.profutcamps.com\/campus\/","name":"Campus de F\u00fatbol - Profutcamps","isPartOf":{"@id":"https:\/\/www.profutcamps.com\/#website"},"datePublished":"2024-10-01T10:46:12+00:00","dateModified":"2025-09-03T13:30:19+00:00","description":"Disfruta de los mejores campus de f\u00fatbol de Europa con Profutcamps: Cl\u00ednic de Semana Santa, Campus de Verano y Campus de Navidad","breadcrumb":{"@id":"https:\/\/www.profutcamps.com\/campus\/#breadcrumb"},"inLanguage":"en-GB","potentialAction":[{"@type":"ReadAction","target":["https:\/\/www.profutcamps.com\/campus\/"]}]},{"@type":"BreadcrumbList","@id":"https:\/\/www.profutcamps.com\/campus\/#breadcrumb","itemListElement":[{"@type":"ListItem","position":1,"name":"Portada","item":"https:\/\/www.profutcamps.com\/"},{"@type":"ListItem","position":2,"name":"Home Campus"}]},{"@type":"WebSite","@id":"https:\/\/www.profutcamps.com\/#website","url":"https:\/\/www.profutcamps.com\/","name":"Profutcamps","description":"Train like a professional.","publisher":{"@id":"https:\/\/www.profutcamps.com\/#organization"},"potentialAction":[{"@type":"SearchAction","target":{"@type":"EntryPoint","urlTemplate":"https:\/\/www.profutcamps.com\/?s={search_term_string}"},"query-input":{"@type":"PropertyValueSpecification","valueRequired":true,"valueName":"search_term_string"}}],"inLanguage":"en-GB"},{"@type":"Organization","@id":"https:\/\/www.profutcamps.com\/#organization","name":"Profutcamps","url":"https:\/\/www.profutcamps.com\/","logo":{"@type":"ImageObject","inLanguage":"en-GB","@id":"https:\/\/www.profutcamps.com\/#\/schema\/logo\/image\/","url":"","contentUrl":"","caption":"Profutcamps"},"image":{"@id":"https:\/\/www.profutcamps.com\/#\/schema\/logo\/image\/"},"sameAs":["https:\/\/www.facebook.com\/Profutcamps\/","https:\/\/x.com\/profutcamps","https:\/\/www.instagram.com\/profutcamps\/","https:\/\/www.linkedin.com\/company\/profutcamps\/","https:\/\/www.youtube.com\/channel\/UCzqVg3BauC6-rsrDNuhEPlQ\/featured"]}]}},"_links":{"self":[{"href":"https:\/\/www.profutcamps.com\/en\/wp-json\/wp\/v2\/pages\/26822","targetHints":{"allow":["GET"]}}],"collection":[{"href":"https:\/\/www.profutcamps.com\/en\/wp-json\/wp\/v2\/pages"}],"about":[{"href":"https:\/\/www.profutcamps.com\/en\/wp-json\/wp\/v2\/types\/page"}],"author":[{"embeddable":true,"href":"https:\/\/www.profutcamps.com\/en\/wp-json\/wp\/v2\/users\/330"}],"replies":[{"embeddable":true,"href":"https:\/\/www.profutcamps.com\/en\/wp-json\/wp\/v2\/comments?post=26822"}],"version-history":[{"count":0,"href":"https:\/\/www.profutcamps.com\/en\/wp-json\/wp\/v2\/pages\/26822\/revisions"}],"wp:attachment":[{"href":"https:\/\/www.profutcamps.com\/en\/wp-json\/wp\/v2\/media?parent=26822"}],"curies":[{"name":"wp","href":"https:\/\/api.w.org\/{rel}","templated":true}]}}