{"id":27115,"date":"2024-12-02T10:35:37","date_gmt":"2024-12-02T09:35:37","guid":{"rendered":"https:\/\/www.profutcamps.com\/?page_id=27115"},"modified":"2025-02-19T14:58:47","modified_gmt":"2025-02-19T13:58:47","slug":"politica-de-devoluciones","status":"publish","type":"page","link":"https:\/\/www.profutcamps.com\/en\/politica-de-devoluciones\/","title":{"rendered":"Pol\u00edtica de devoluciones y reembolsos"},"content":{"rendered":"<div data-elementor-type=\"wp-page\" data-elementor-id=\"27115\" class=\"elementor elementor-27115\" data-elementor-post-type=\"page\">\n\t\t\t\t<div class=\"elementor-element elementor-element-2fd9fe13 e-flex e-con-boxed e-con e-parent\" data-id=\"2fd9fe13\" data-element_type=\"container\" data-e-type=\"container\">\n\t\t\t\t\t<div class=\"e-con-inner\">\n\t\t\t\t<div class=\"elementor-element elementor-element-d8131c1 elementor-widget elementor-widget-heading\" data-id=\"d8131c1\" data-element_type=\"widget\" data-e-type=\"widget\" data-widget_type=\"heading.default\">\n\t\t\t\t<div class=\"elementor-widget-container\">\n\t\t\t\t\t<h2 class=\"elementor-heading-title elementor-size-default\">Return policy<\/h2>\t\t\t\t<\/div>\n\t\t\t\t<\/div>\n\t\t\t\t<div class=\"elementor-element elementor-element-d131307 elementor-widget elementor-widget-heading\" data-id=\"d131307\" data-element_type=\"widget\" data-e-type=\"widget\" data-widget_type=\"heading.default\">\n\t\t\t\t<div class=\"elementor-widget-container\">\n\t\t\t\t\t<h2 class=\"elementor-heading-title elementor-size-default\">Cancellations before the start of the campus:<\/h2>\t\t\t\t<\/div>\n\t\t\t\t<\/div>\n\t\t\t\t<div class=\"elementor-element elementor-element-3138525 elementor-widget elementor-widget-text-editor\" data-id=\"3138525\" data-element_type=\"widget\" data-e-type=\"widget\" data-widget_type=\"text-editor.default\">\n\t\t\t\t<div class=\"elementor-widget-container\">\n\t\t\t\t\t\t\t\t\t<p class=\"translation-block\"><strong>30 days or more until the start of the campus:<\/strong> 60% of the amount paid will be refunded, provided that the participant has made the full payment.<\/span><\/p><p class=\"translation-block\"><strong>Less than 30 days before the start of the campus:<\/strong> There will be no refund, except in cases of serious illness or injury, which must be certified by a valid medical certificate.<\/span><\/p>\t\t\t\t\t\t\t\t<\/div>\n\t\t\t\t<\/div>\n\t\t\t\t<div class=\"elementor-element elementor-element-e7beee0 elementor-widget elementor-widget-heading\" data-id=\"e7beee0\" data-element_type=\"widget\" data-e-type=\"widget\" data-widget_type=\"heading.default\">\n\t\t\t\t<div class=\"elementor-widget-container\">\n\t\t\t\t\t<h2 class=\"elementor-heading-title elementor-size-default\">Cancellations once the campus has started:<\/h2>\t\t\t\t<\/div>\n\t\t\t\t<\/div>\n\t\t\t\t<div class=\"elementor-element elementor-element-6397e93 elementor-widget elementor-widget-text-editor\" data-id=\"6397e93\" data-element_type=\"widget\" data-e-type=\"widget\" data-widget_type=\"text-editor.default\">\n\t\t\t\t<div class=\"elementor-widget-container\">\n\t\t\t\t\t\t\t\t\t<p><span style=\"color: var( --e-global-color-7afaae26 ); text-align: var(--text-align);\"><b>For serious illness or injury with medical justification<\/b><\/span><\/p><p class=\"translation-block\"><span style=\"color: var( --e-global-color-7afaae26 );text-align: var(--text-align)\">You will be refunded the amount corresponding to the unused days. \u20ac40 per unused day for participants in the residential program. \u20ac20 per unused day for participants in the day program.<\/span><\/p><p><b>Por causas m\u00e9dicas no comunicadas previamente<\/b><\/p><p><span style=\"background-color: transparent; color: var( --e-global-color-7afaae26 ); text-align: var(--text-align);\">En caso de abandono del campus debido a causas m\u00e9dicas, f\u00edsicas o psicol\u00f3gicas, que no hayan sido comunicadas antes del inicio del campus, no habr\u00e1 derecho a devoluci\u00f3n.<\/span><\/p><p><b>Por motivos no justificados<\/b><\/p><p><span style=\"background-color: transparent; color: var( --e-global-color-7afaae26 ); text-align: var(--text-align);\">Si el participante abandona el campus sin una justificaci\u00f3n m\u00e9dica v\u00e1lida, no se realizar\u00e1 ning\u00fan reembolso.<\/span><\/p><p><b>Por incumplimiento de normas<\/b><\/p><p><span style=\"background-color: transparent; color: var( --e-global-color-7afaae26 ); text-align: var(--text-align);\">Si el participante es expulsado del campus por incumplir las normas establecidas, no tendr\u00e1 derecho a devoluci\u00f3n alguna.<\/span><\/p>\t\t\t\t\t\t\t\t<\/div>\n\t\t\t\t<\/div>\n\t\t\t\t<div class=\"elementor-element elementor-element-146b1bf elementor-widget elementor-widget-heading\" data-id=\"146b1bf\" data-element_type=\"widget\" data-e-type=\"widget\" data-widget_type=\"heading.default\">\n\t\t\t\t<div class=\"elementor-widget-container\">\n\t\t\t\t\t<h2 class=\"elementor-heading-title elementor-size-default\">Condiciones generales<\/h2>\t\t\t\t<\/div>\n\t\t\t\t<\/div>\n\t\t\t\t<div class=\"elementor-element elementor-element-45fa26c elementor-widget elementor-widget-text-editor\" data-id=\"45fa26c\" data-element_type=\"widget\" data-e-type=\"widget\" data-widget_type=\"text-editor.default\">\n\t\t\t\t<div class=\"elementor-widget-container\">\n\t\t\t\t\t\t\t\t\t<p>Es obligatorio presentar documentaci\u00f3n m\u00e9dica v\u00e1lida para casos de enfermedad o lesi\u00f3n, tanto previa como durante el campus, para acceder a los reembolsos estipulados.<\/p>\n<p>La falta de comunicaci\u00f3n de cualquier situaci\u00f3n m\u00e9dica antes del inicio del campus exime a la organizaci\u00f3n de cualquier reembolso.<\/p>\n<p>Esta pol\u00edtica busca garantizar un trato justo y transparente, respetando los compromisos de los participantes y la organizaci\u00f3n.<\/p>\t\t\t\t\t\t\t\t<\/div>\n\t\t\t\t<\/div>\n\t\t\t\t\t<\/div>\n\t\t\t\t<\/div>\n\t\t\t\t<\/div>","protected":false},"excerpt":{"rendered":"<p>Pol\u00edtica de devoluciones Cancelaciones antes del inicio del campus: 30 d\u00edas o m\u00e1s para el inicio del campus: Se reembolsar\u00e1 el 60% del importe abonado, siempre y cuando el participante haya realizado el pago \u00edntegro. Menos de 30 d\u00edas para el inicio del campus: No habr\u00e1 derecho a devoluci\u00f3n, excepto en casos de enfermedad grave [&hellip;]<\/p>\n","protected":false},"author":1,"featured_media":0,"parent":0,"menu_order":0,"comment_status":"closed","ping_status":"closed","template":"","meta":{"footnotes":""},"class_list":["post-27115","page","type-page","status-publish","hentry"],"yoast_head":"<!-- This site is optimized with the Yoast SEO plugin v27.4 - https:\/\/yoast.com\/product\/yoast-seo-wordpress\/ -->\n<title>Pol\u00edtica de devoluciones y reembolsos - Profutcamps<\/title>\n<meta name=\"robots\" content=\"index, follow, max-snippet:-1, max-image-preview:large, max-video-preview:-1\" \/>\n<link rel=\"canonical\" href=\"https:\/\/www.profutcamps.com\/en\/politica-de-devoluciones\/\" \/>\n<meta property=\"og:locale\" content=\"en_GB\" \/>\n<meta property=\"og:type\" content=\"article\" \/>\n<meta property=\"og:title\" content=\"Pol\u00edtica de devoluciones y reembolsos - Profutcamps\" \/>\n<meta property=\"og:description\" content=\"Pol\u00edtica de devoluciones Cancelaciones antes del inicio del campus: 30 d\u00edas o m\u00e1s para el inicio del campus: Se reembolsar\u00e1 el 60% del importe abonado, siempre y cuando el participante haya realizado el pago \u00edntegro. Menos de 30 d\u00edas para el inicio del campus: No habr\u00e1 derecho a devoluci\u00f3n, excepto en casos de enfermedad grave [&hellip;]\" \/>\n<meta property=\"og:url\" content=\"https:\/\/www.profutcamps.com\/en\/politica-de-devoluciones\/\" \/>\n<meta property=\"og:site_name\" content=\"Profutcamps\" \/>\n<meta property=\"article:publisher\" content=\"https:\/\/www.facebook.com\/Profutcamps\/\" \/>\n<meta property=\"article:modified_time\" content=\"2025-02-19T13:58:47+00:00\" \/>\n<meta name=\"twitter:card\" content=\"summary_large_image\" \/>\n<meta name=\"twitter:site\" content=\"@profutcamps\" \/>\n<meta name=\"twitter:label1\" content=\"Estimated reading time\" \/>\n\t<meta name=\"twitter:data1\" content=\"2 minutes\" \/>\n<script type=\"application\/ld+json\" class=\"yoast-schema-graph\">{\"@context\":\"https:\\\/\\\/schema.org\",\"@graph\":[{\"@type\":\"WebPage\",\"@id\":\"https:\\\/\\\/www.profutcamps.com\\\/politica-de-devoluciones\\\/\",\"url\":\"https:\\\/\\\/www.profutcamps.com\\\/politica-de-devoluciones\\\/\",\"name\":\"Pol\u00edtica de devoluciones y reembolsos - Profutcamps\",\"isPartOf\":{\"@id\":\"https:\\\/\\\/www.profutcamps.com\\\/#website\"},\"datePublished\":\"2024-12-02T09:35:37+00:00\",\"dateModified\":\"2025-02-19T13:58:47+00:00\",\"breadcrumb\":{\"@id\":\"https:\\\/\\\/www.profutcamps.com\\\/politica-de-devoluciones\\\/#breadcrumb\"},\"inLanguage\":\"en-GB\",\"potentialAction\":[{\"@type\":\"ReadAction\",\"target\":[\"https:\\\/\\\/www.profutcamps.com\\\/politica-de-devoluciones\\\/\"]}]},{\"@type\":\"BreadcrumbList\",\"@id\":\"https:\\\/\\\/www.profutcamps.com\\\/politica-de-devoluciones\\\/#breadcrumb\",\"itemListElement\":[{\"@type\":\"ListItem\",\"position\":1,\"name\":\"Portada\",\"item\":\"https:\\\/\\\/www.profutcamps.com\\\/\"},{\"@type\":\"ListItem\",\"position\":2,\"name\":\"Pol\u00edtica de devoluciones y reembolsos\"}]},{\"@type\":\"WebSite\",\"@id\":\"https:\\\/\\\/www.profutcamps.com\\\/#website\",\"url\":\"https:\\\/\\\/www.profutcamps.com\\\/\",\"name\":\"Profutcamps\",\"description\":\"Entrena como un profesional.\",\"publisher\":{\"@id\":\"https:\\\/\\\/www.profutcamps.com\\\/#organization\"},\"potentialAction\":[{\"@type\":\"SearchAction\",\"target\":{\"@type\":\"EntryPoint\",\"urlTemplate\":\"https:\\\/\\\/www.profutcamps.com\\\/?s={search_term_string}\"},\"query-input\":{\"@type\":\"PropertyValueSpecification\",\"valueRequired\":true,\"valueName\":\"search_term_string\"}}],\"inLanguage\":\"en-GB\"},{\"@type\":\"Organization\",\"@id\":\"https:\\\/\\\/www.profutcamps.com\\\/#organization\",\"name\":\"Profutcamps\",\"url\":\"https:\\\/\\\/www.profutcamps.com\\\/\",\"logo\":{\"@type\":\"ImageObject\",\"inLanguage\":\"en-GB\",\"@id\":\"https:\\\/\\\/www.profutcamps.com\\\/#\\\/schema\\\/logo\\\/image\\\/\",\"url\":\"\",\"contentUrl\":\"\",\"caption\":\"Profutcamps\"},\"image\":{\"@id\":\"https:\\\/\\\/www.profutcamps.com\\\/#\\\/schema\\\/logo\\\/image\\\/\"},\"sameAs\":[\"https:\\\/\\\/www.facebook.com\\\/Profutcamps\\\/\",\"https:\\\/\\\/x.com\\\/profutcamps\",\"https:\\\/\\\/www.instagram.com\\\/profutcamps\\\/\",\"https:\\\/\\\/www.linkedin.com\\\/company\\\/profutcamps\\\/\",\"https:\\\/\\\/www.youtube.com\\\/channel\\\/UCzqVg3BauC6-rsrDNuhEPlQ\\\/featured\"]}]}<\/script>\n<!-- \/ Yoast SEO plugin. -->","yoast_head_json":{"title":"Pol\u00edtica de devoluciones y reembolsos - Profutcamps","robots":{"index":"index","follow":"follow","max-snippet":"max-snippet:-1","max-image-preview":"max-image-preview:large","max-video-preview":"max-video-preview:-1"},"canonical":"https:\/\/www.profutcamps.com\/en\/politica-de-devoluciones\/","og_locale":"en_GB","og_type":"article","og_title":"Pol\u00edtica de devoluciones y reembolsos - Profutcamps","og_description":"Pol\u00edtica de devoluciones Cancelaciones antes del inicio del campus: 30 d\u00edas o m\u00e1s para el inicio del campus: Se reembolsar\u00e1 el 60% del importe abonado, siempre y cuando el participante haya realizado el pago \u00edntegro. Menos de 30 d\u00edas para el inicio del campus: No habr\u00e1 derecho a devoluci\u00f3n, excepto en casos de enfermedad grave [&hellip;]","og_url":"https:\/\/www.profutcamps.com\/en\/politica-de-devoluciones\/","og_site_name":"Profutcamps","article_publisher":"https:\/\/www.facebook.com\/Profutcamps\/","article_modified_time":"2025-02-19T13:58:47+00:00","twitter_card":"summary_large_image","twitter_site":"@profutcamps","twitter_misc":{"Estimated reading time":"2 minutes"},"schema":{"@context":"https:\/\/schema.org","@graph":[{"@type":"WebPage","@id":"https:\/\/www.profutcamps.com\/politica-de-devoluciones\/","url":"https:\/\/www.profutcamps.com\/politica-de-devoluciones\/","name":"Pol\u00edtica de devoluciones y reembolsos - Profutcamps","isPartOf":{"@id":"https:\/\/www.profutcamps.com\/#website"},"datePublished":"2024-12-02T09:35:37+00:00","dateModified":"2025-02-19T13:58:47+00:00","breadcrumb":{"@id":"https:\/\/www.profutcamps.com\/politica-de-devoluciones\/#breadcrumb"},"inLanguage":"en-GB","potentialAction":[{"@type":"ReadAction","target":["https:\/\/www.profutcamps.com\/politica-de-devoluciones\/"]}]},{"@type":"BreadcrumbList","@id":"https:\/\/www.profutcamps.com\/politica-de-devoluciones\/#breadcrumb","itemListElement":[{"@type":"ListItem","position":1,"name":"Portada","item":"https:\/\/www.profutcamps.com\/"},{"@type":"ListItem","position":2,"name":"Pol\u00edtica de devoluciones y reembolsos"}]},{"@type":"WebSite","@id":"https:\/\/www.profutcamps.com\/#website","url":"https:\/\/www.profutcamps.com\/","name":"Profutcamps","description":"Train like a professional.","publisher":{"@id":"https:\/\/www.profutcamps.com\/#organization"},"potentialAction":[{"@type":"SearchAction","target":{"@type":"EntryPoint","urlTemplate":"https:\/\/www.profutcamps.com\/?s={search_term_string}"},"query-input":{"@type":"PropertyValueSpecification","valueRequired":true,"valueName":"search_term_string"}}],"inLanguage":"en-GB"},{"@type":"Organization","@id":"https:\/\/www.profutcamps.com\/#organization","name":"Profutcamps","url":"https:\/\/www.profutcamps.com\/","logo":{"@type":"ImageObject","inLanguage":"en-GB","@id":"https:\/\/www.profutcamps.com\/#\/schema\/logo\/image\/","url":"","contentUrl":"","caption":"Profutcamps"},"image":{"@id":"https:\/\/www.profutcamps.com\/#\/schema\/logo\/image\/"},"sameAs":["https:\/\/www.facebook.com\/Profutcamps\/","https:\/\/x.com\/profutcamps","https:\/\/www.instagram.com\/profutcamps\/","https:\/\/www.linkedin.com\/company\/profutcamps\/","https:\/\/www.youtube.com\/channel\/UCzqVg3BauC6-rsrDNuhEPlQ\/featured"]}]}},"_links":{"self":[{"href":"https:\/\/www.profutcamps.com\/en\/wp-json\/wp\/v2\/pages\/27115","targetHints":{"allow":["GET"]}}],"collection":[{"href":"https:\/\/www.profutcamps.com\/en\/wp-json\/wp\/v2\/pages"}],"about":[{"href":"https:\/\/www.profutcamps.com\/en\/wp-json\/wp\/v2\/types\/page"}],"author":[{"embeddable":true,"href":"https:\/\/www.profutcamps.com\/en\/wp-json\/wp\/v2\/users\/1"}],"replies":[{"embeddable":true,"href":"https:\/\/www.profutcamps.com\/en\/wp-json\/wp\/v2\/comments?post=27115"}],"version-history":[{"count":0,"href":"https:\/\/www.profutcamps.com\/en\/wp-json\/wp\/v2\/pages\/27115\/revisions"}],"wp:attachment":[{"href":"https:\/\/www.profutcamps.com\/en\/wp-json\/wp\/v2\/media?parent=27115"}],"curies":[{"name":"wp","href":"https:\/\/api.w.org\/{rel}","templated":true}]}}