{"id":32653,"date":"2025-01-20T14:44:59","date_gmt":"2025-01-20T13:44:59","guid":{"rendered":"https:\/\/www.profutcamps.com\/?page_id=32653"},"modified":"2025-08-13T09:44:57","modified_gmt":"2025-08-13T07:44:57","slug":"contacto","status":"publish","type":"page","link":"https:\/\/www.profutcamps.com\/en\/contacto\/","title":{"rendered":"Contact"},"content":{"rendered":"\t\t<div data-elementor-type=\"wp-post\" data-elementor-id=\"32653\" class=\"elementor elementor-32653\" data-elementor-post-type=\"page\">\n\t\t\t\t<div class=\"elementor-element elementor-element-872d25e e-flex e-con-boxed e-con e-parent\" data-id=\"872d25e\" data-element_type=\"container\" data-e-type=\"container\">\n\t\t\t\t\t<div class=\"e-con-inner\">\n\t\t<div class=\"elementor-element elementor-element-402a1c5 e-con-full e-flex e-con e-child\" data-id=\"402a1c5\" data-element_type=\"container\" data-e-type=\"container\">\n\t\t\t\t<div class=\"elementor-element elementor-element-dc0e221 elementor-widget-tablet__width-initial elementor-invisible elementor-widget elementor-widget-heading\" data-id=\"dc0e221\" data-element_type=\"widget\" data-e-type=\"widget\" data-settings=\"{&quot;_animation_mobile&quot;:&quot;fadeInUp&quot;,&quot;_animation&quot;:&quot;fadeInUp&quot;}\" data-widget_type=\"heading.default\">\n\t\t\t\t<div class=\"elementor-widget-container\">\n\t\t\t\t\t<h3 class=\"elementor-heading-title elementor-size-default\">Cont\u00e1ctanos<\/h3>\t\t\t\t<\/div>\n\t\t\t\t<\/div>\n\t\t\t\t<\/div>\n\t\t<div class=\"elementor-element elementor-element-d7027b4 e-con-full e-flex elementor-invisible e-con e-child\" data-id=\"d7027b4\" data-element_type=\"container\" data-e-type=\"container\" data-settings=\"{&quot;animation&quot;:&quot;fadeInUp&quot;,&quot;animation_delay&quot;:150}\">\n\t\t\t\t<div class=\"elementor-element elementor-element-58a8631 elementor-widget-tablet__width-initial elementor-widget__width-initial elementor-invisible elementor-widget elementor-widget-heading\" data-id=\"58a8631\" data-element_type=\"widget\" data-e-type=\"widget\" data-settings=\"{&quot;_animation&quot;:&quot;fadeInUp&quot;}\" data-widget_type=\"heading.default\">\n\t\t\t\t<div class=\"elementor-widget-container\">\n\t\t\t\t\t<h2 class=\"elementor-heading-title elementor-size-default\">Servicio de atenci\u00f3n al cliente.<\/h2>\t\t\t\t<\/div>\n\t\t\t\t<\/div>\n\t\t\t\t<div class=\"elementor-element elementor-element-9cdd41d elementor-widget__width-initial elementor-widget-mobile__width-inherit elementor-widget elementor-widget-text-editor\" data-id=\"9cdd41d\" data-element_type=\"widget\" data-e-type=\"widget\" data-widget_type=\"text-editor.default\">\n\t\t\t\t<div class=\"elementor-widget-container\">\n\t\t\t\t\t\t\t\t\t<p>Para cualquier duda o cuesti\u00f3n, contacta con nosotros:<\/p><p>TEL\u00c9FONO: 622 524 032<\/p><p>EMAIL: info@profutcamps.com<\/p><p>WHATSAPP:\u00a0<a href=\"https:\/\/api.whatsapp.com\/send\/?phone=34622524032&amp;text&amp;type=phone_number&amp;app_absent=0\" target=\"_blank\" rel=\"noopener\">+34 622 52 40 32<\/a><\/p>\t\t\t\t\t\t\t\t<\/div>\n\t\t\t\t<\/div>\n\t\t\t\t<div class=\"elementor-element elementor-element-e0ff1b1 elementor-widget__width-initial elementor-widget-mobile__width-inherit elementor-widget elementor-widget-text-editor\" data-id=\"e0ff1b1\" data-element_type=\"widget\" data-e-type=\"widget\" data-widget_type=\"text-editor.default\">\n\t\t\t\t<div class=\"elementor-widget-container\">\n\t\t\t\t\t\t\t\t\t<p><strong>Accesibilidad:<\/strong><\/p><ul><li>De Lunes a S\u00e1bado v\u00eda Tel\u00e9fono, WhatsApp y Correo Electr\u00f3nico<\/li><\/ul>\t\t\t\t\t\t\t\t<\/div>\n\t\t\t\t<\/div>\n\t\t\t\t<div class=\"elementor-element elementor-element-c2709b4 elementor-widget__width-initial elementor-widget-mobile__width-inherit elementor-widget elementor-widget-text-editor\" data-id=\"c2709b4\" data-element_type=\"widget\" data-e-type=\"widget\" data-widget_type=\"text-editor.default\">\n\t\t\t\t<div class=\"elementor-widget-container\">\n\t\t\t\t\t\t\t\t\t<p><strong>Horarios:<\/strong><\/p>\n<ul>\n<li>Lunes a S\u00e1bado de 9:00 a 19:30<\/li>\n<li>Domingo cerrado<\/li>\n<\/ul>\t\t\t\t\t\t\t\t<\/div>\n\t\t\t\t<\/div>\n\t\t\t\t<\/div>\n\t\t<div class=\"elementor-element elementor-element-bab579d e-con-full e-flex elementor-invisible e-con e-child\" data-id=\"bab579d\" data-element_type=\"container\" data-e-type=\"container\" data-settings=\"{&quot;animation&quot;:&quot;fadeInUp&quot;,&quot;animation_delay&quot;:300}\">\n\t\t\t\t<div class=\"elementor-element elementor-element-29d985ba elementor-button-align-center elementor-widget elementor-widget-form\" data-id=\"29d985ba\" data-element_type=\"widget\" data-e-type=\"widget\" data-settings=\"{&quot;step_next_label&quot;:&quot;Siguiente&quot;,&quot;step_previous_label&quot;:&quot;Anterior&quot;,&quot;button_width&quot;:&quot;100&quot;,&quot;step_type&quot;:&quot;number_text&quot;,&quot;step_icon_shape&quot;:&quot;circle&quot;}\" data-widget_type=\"form.default\">\n\t\t\t\t<div class=\"elementor-widget-container\">\n\t\t\t\t\t\t\t<form class=\"elementor-form\" method=\"post\" name=\"Formulario Academia\" aria-label=\"Formulario Academia\">\n\t\t\t<input type=\"hidden\" name=\"post_id\" value=\"32653\"\/>\n\t\t\t<input type=\"hidden\" name=\"form_id\" value=\"29d985ba\"\/>\n\t\t\t<input type=\"hidden\" name=\"referer_title\" value=\"Profutcamps\" \/>\n\n\t\t\t\n\t\t\t<div class=\"elementor-form-fields-wrapper elementor-labels-above\">\n\t\t\t\t\t\t\t\t<div class=\"elementor-field-type-text elementor-field-group elementor-column elementor-field-group-name elementor-col-50 elementor-field-required elementor-mark-required\">\n\t\t\t\t\t\t\t\t\t\t\t\t<label for=\"form-field-name\" class=\"elementor-field-label\">\n\t\t\t\t\t\t\t\tNOMBRE\t\t\t\t\t\t\t<\/label>\n\t\t\t\t\t\t\t\t\t\t\t\t\t\t<input size=\"1\" type=\"text\" name=\"form_fields[name]\" id=\"form-field-name\" class=\"elementor-field elementor-size-sm  elementor-field-textual\" placeholder=\"Nombre\" required=\"required\">\n\t\t\t\t\t\t\t\t\t\t\t<\/div>\n\t\t\t\t\t\t\t\t<div class=\"elementor-field-type-text elementor-field-group elementor-column elementor-field-group-field_08577c8 elementor-col-50 elementor-field-required elementor-mark-required\">\n\t\t\t\t\t\t\t\t\t\t\t\t<label for=\"form-field-field_08577c8\" class=\"elementor-field-label\">\n\t\t\t\t\t\t\t\tAPELLIDOS\t\t\t\t\t\t\t<\/label>\n\t\t\t\t\t\t\t\t\t\t\t\t\t\t<input size=\"1\" type=\"text\" name=\"form_fields[field_08577c8]\" id=\"form-field-field_08577c8\" class=\"elementor-field elementor-size-sm  elementor-field-textual\" placeholder=\"Apellidos\" required=\"required\">\n\t\t\t\t\t\t\t\t\t\t\t<\/div>\n\t\t\t\t\t\t\t\t<div class=\"elementor-field-type-email elementor-field-group elementor-column elementor-field-group-email elementor-col-50 elementor-field-required elementor-mark-required\">\n\t\t\t\t\t\t\t\t\t\t\t\t<label for=\"form-field-email\" class=\"elementor-field-label\">\n\t\t\t\t\t\t\t\tCORREO ELECTR\u00d3NICO\t\t\t\t\t\t\t<\/label>\n\t\t\t\t\t\t\t\t\t\t\t\t\t\t<input size=\"1\" type=\"email\" name=\"form_fields[email]\" id=\"form-field-email\" class=\"elementor-field elementor-size-sm  elementor-field-textual\" placeholder=\"ejemplo@gmail.com\" required=\"required\">\n\t\t\t\t\t\t\t\t\t\t\t<\/div>\n\t\t\t\t\t\t\t\t<div class=\"elementor-field-type-tel elementor-field-group elementor-column elementor-field-group-field_9dc309a elementor-col-50 elementor-field-required elementor-mark-required\">\n\t\t\t\t\t\t\t\t\t\t\t\t<label for=\"form-field-field_9dc309a\" class=\"elementor-field-label\">\n\t\t\t\t\t\t\t\tTEL\u00c9FONO\t\t\t\t\t\t\t<\/label>\n\t\t\t\t\t\t\t\t<input size=\"1\" type=\"tel\" name=\"form_fields[field_9dc309a]\" id=\"form-field-field_9dc309a\" class=\"elementor-field elementor-size-sm  elementor-field-textual\" placeholder=\"Tel\u00e9fono\" required=\"required\" pattern=\"[0-9()#&amp;+*-=.]+\" title=\"Only numbers and phone characters (#, -, *, etc) are accepted.\">\n\n\t\t\t\t\t\t<\/div>\n\t\t\t\t\t\t\t\t<div class=\"elementor-field-type-textarea elementor-field-group elementor-column elementor-field-group-field_0eb53d3 elementor-col-100\">\n\t\t\t\t\t\t\t\t\t\t\t\t<label for=\"form-field-field_0eb53d3\" class=\"elementor-field-label\">\n\t\t\t\t\t\t\t\tMENSAJE\t\t\t\t\t\t\t<\/label>\n\t\t\t\t\t\t<textarea class=\"elementor-field-textual elementor-field  elementor-size-sm\" name=\"form_fields[field_0eb53d3]\" id=\"form-field-field_0eb53d3\" rows=\"4\" placeholder=\"Mensaje\"><\/textarea>\t\t\t\t<\/div>\n\t\t\t\t\t\t\t\t<div class=\"elementor-field-type-recaptcha_v3 elementor-field-group elementor-column elementor-field-group-message elementor-col-100 recaptcha_v3-inline\">\n\t\t\t\t\t<div class=\"elementor-field\" id=\"form-field-message\"><div class=\"elementor-g-recaptcha\" data-sitekey=\"6Le9OPQUAAAAAPPMH8q5eCJPdyw5lzxB5jb1Bo5g\" data-type=\"v3\" data-action=\"Form\" data-badge=\"inline\" data-size=\"invisible\"><\/div><\/div>\t\t\t\t<\/div>\n\t\t\t\t\t\t\t\t<div class=\"elementor-field-group elementor-column elementor-field-type-submit elementor-col-100 e-form__buttons\">\n\t\t\t\t\t<button class=\"elementor-button elementor-size-md elementor-animation-grow\" type=\"submit\">\n\t\t\t\t\t\t<span class=\"elementor-button-content-wrapper\">\n\t\t\t\t\t\t\t\t\t\t\t\t\t\t\t\t\t\t\t\t\t\t<span class=\"elementor-button-text\">Enviar<\/span>\n\t\t\t\t\t\t\t\t\t\t\t\t\t<\/span>\n\t\t\t\t\t<\/button>\n\t\t\t\t<\/div>\n\t\t\t<\/div>\n\t\t<\/form>\n\t\t\t\t\t\t<\/div>\n\t\t\t\t<\/div>\n\t\t\t\t<\/div>\n\t\t\t\t\t<\/div>\n\t\t\t\t<\/div>\n\t\t<div class=\"elementor-element elementor-element-7f4743c e-flex e-con-boxed e-con e-parent\" data-id=\"7f4743c\" data-element_type=\"container\" data-e-type=\"container\">\n\t\t\t\t\t<div class=\"e-con-inner\">\n\t\t\t\t<div class=\"elementor-element elementor-element-9829f6b elementor-widget elementor-widget-html\" data-id=\"9829f6b\" data-element_type=\"widget\" data-e-type=\"widget\" data-widget_type=\"html.default\">\n\t\t\t\t<div class=\"elementor-widget-container\">\n\t\t\t\t\t<script type=\"text\/javascript\" src=\"https:\/\/api.clientify.net\/web-marketing\/webforms\/external\/script\/252379.js\"><\/script>\t\t\t\t<\/div>\n\t\t\t\t<\/div>\n\t\t\t\t<div class=\"elementor-element elementor-element-0d4b7de elementor-align-center elementor-tablet-align-center elementor-widget elementor-widget-button\" data-id=\"0d4b7de\" data-element_type=\"widget\" data-e-type=\"widget\" data-widget_type=\"button.default\">\n\t\t\t\t<div class=\"elementor-widget-container\">\n\t\t\t\t\t\t\t\t\t<div class=\"elementor-button-wrapper\">\n\t\t\t\t\t<a class=\"elementor-button elementor-button-link elementor-size-sm elementor-animation-grow\" href=\"http:\/\/profutcamps.com\/tienda\">\n\t\t\t\t\t\t<span class=\"elementor-button-content-wrapper\">\n\t\t\t\t\t\t\t\t\t<span class=\"elementor-button-text\">AP\u00daNTATE YA<\/span>\n\t\t\t\t\t<\/span>\n\t\t\t\t\t<\/a>\n\t\t\t\t<\/div>\n\t\t\t\t\t\t\t\t<\/div>\n\t\t\t\t<\/div>\n\t\t\t\t\t<\/div>\n\t\t\t\t<\/div>\n\t\t\t\t<\/div>\n\t\t","protected":false},"excerpt":{"rendered":"<p>Cont\u00e1ctanos Servicio de atenci\u00f3n al cliente. Para cualquier duda o cuesti\u00f3n, contacta con nosotros: TEL\u00c9FONO: 622 524 032 EMAIL: info@profutcamps.com WHATSAPP:\u00a0+34 622 52 40 32 Accesibilidad: De Lunes a S\u00e1bado v\u00eda Tel\u00e9fono, WhatsApp y Correo Electr\u00f3nico Horarios: Lunes a S\u00e1bado de 9:00 a 19:30 Domingo cerrado AP\u00daNTATE YA<\/p>","protected":false},"author":330,"featured_media":0,"parent":0,"menu_order":0,"comment_status":"closed","ping_status":"closed","template":"","meta":{"footnotes":""},"class_list":["post-32653","page","type-page","status-publish","hentry"],"yoast_head":"<!-- This site is optimized with the Yoast SEO plugin v27.4 - https:\/\/yoast.com\/product\/yoast-seo-wordpress\/ -->\n<title>Contacto - Profutcamps<\/title>\n<meta name=\"description\" content=\"\u00bfTienes dudas? Contacta con Profutcamps para atenci\u00f3n al cliente, consultas o soporte. Estamos aqu\u00ed para ayudarte de forma r\u00e1pida y eficaz.\" \/>\n<meta name=\"robots\" content=\"index, follow, max-snippet:-1, max-image-preview:large, max-video-preview:-1\" \/>\n<link rel=\"canonical\" href=\"https:\/\/www.profutcamps.com\/en\/contacto\/\" \/>\n<meta property=\"og:locale\" content=\"en_GB\" \/>\n<meta property=\"og:type\" content=\"article\" \/>\n<meta property=\"og:title\" content=\"Contacto - Profutcamps\" \/>\n<meta property=\"og:description\" content=\"\u00bfTienes dudas? Contacta con Profutcamps para atenci\u00f3n al cliente, consultas o soporte. Estamos aqu\u00ed para ayudarte de forma r\u00e1pida y eficaz.\" \/>\n<meta property=\"og:url\" content=\"https:\/\/www.profutcamps.com\/en\/contacto\/\" \/>\n<meta property=\"og:site_name\" content=\"Profutcamps\" \/>\n<meta property=\"article:publisher\" content=\"https:\/\/www.facebook.com\/Profutcamps\/\" \/>\n<meta property=\"article:modified_time\" content=\"2025-08-13T07:44:57+00:00\" \/>\n<meta name=\"twitter:card\" content=\"summary_large_image\" \/>\n<meta name=\"twitter:site\" content=\"@profutcamps\" \/>\n<meta name=\"twitter:label1\" content=\"Estimated reading time\" \/>\n\t<meta name=\"twitter:data1\" content=\"1 minute\" \/>\n<script type=\"application\/ld+json\" class=\"yoast-schema-graph\">{\"@context\":\"https:\\\/\\\/schema.org\",\"@graph\":[{\"@type\":\"WebPage\",\"@id\":\"https:\\\/\\\/www.profutcamps.com\\\/contacto\\\/\",\"url\":\"https:\\\/\\\/www.profutcamps.com\\\/contacto\\\/\",\"name\":\"Contacto - Profutcamps\",\"isPartOf\":{\"@id\":\"https:\\\/\\\/www.profutcamps.com\\\/#website\"},\"datePublished\":\"2025-01-20T13:44:59+00:00\",\"dateModified\":\"2025-08-13T07:44:57+00:00\",\"description\":\"\u00bfTienes dudas? Contacta con Profutcamps para atenci\u00f3n al cliente, consultas o soporte. Estamos aqu\u00ed para ayudarte de forma r\u00e1pida y eficaz.\",\"breadcrumb\":{\"@id\":\"https:\\\/\\\/www.profutcamps.com\\\/contacto\\\/#breadcrumb\"},\"inLanguage\":\"en-GB\",\"potentialAction\":[{\"@type\":\"ReadAction\",\"target\":[\"https:\\\/\\\/www.profutcamps.com\\\/contacto\\\/\"]}]},{\"@type\":\"BreadcrumbList\",\"@id\":\"https:\\\/\\\/www.profutcamps.com\\\/contacto\\\/#breadcrumb\",\"itemListElement\":[{\"@type\":\"ListItem\",\"position\":1,\"name\":\"Portada\",\"item\":\"https:\\\/\\\/www.profutcamps.com\\\/\"},{\"@type\":\"ListItem\",\"position\":2,\"name\":\"Contacto\"}]},{\"@type\":\"WebSite\",\"@id\":\"https:\\\/\\\/www.profutcamps.com\\\/#website\",\"url\":\"https:\\\/\\\/www.profutcamps.com\\\/\",\"name\":\"Profutcamps\",\"description\":\"Entrena como un profesional.\",\"publisher\":{\"@id\":\"https:\\\/\\\/www.profutcamps.com\\\/#organization\"},\"potentialAction\":[{\"@type\":\"SearchAction\",\"target\":{\"@type\":\"EntryPoint\",\"urlTemplate\":\"https:\\\/\\\/www.profutcamps.com\\\/?s={search_term_string}\"},\"query-input\":{\"@type\":\"PropertyValueSpecification\",\"valueRequired\":true,\"valueName\":\"search_term_string\"}}],\"inLanguage\":\"en-GB\"},{\"@type\":\"Organization\",\"@id\":\"https:\\\/\\\/www.profutcamps.com\\\/#organization\",\"name\":\"Profutcamps\",\"url\":\"https:\\\/\\\/www.profutcamps.com\\\/\",\"logo\":{\"@type\":\"ImageObject\",\"inLanguage\":\"en-GB\",\"@id\":\"https:\\\/\\\/www.profutcamps.com\\\/#\\\/schema\\\/logo\\\/image\\\/\",\"url\":\"\",\"contentUrl\":\"\",\"caption\":\"Profutcamps\"},\"image\":{\"@id\":\"https:\\\/\\\/www.profutcamps.com\\\/#\\\/schema\\\/logo\\\/image\\\/\"},\"sameAs\":[\"https:\\\/\\\/www.facebook.com\\\/Profutcamps\\\/\",\"https:\\\/\\\/x.com\\\/profutcamps\",\"https:\\\/\\\/www.instagram.com\\\/profutcamps\\\/\",\"https:\\\/\\\/www.linkedin.com\\\/company\\\/profutcamps\\\/\",\"https:\\\/\\\/www.youtube.com\\\/channel\\\/UCzqVg3BauC6-rsrDNuhEPlQ\\\/featured\"]}]}<\/script>\n<!-- \/ Yoast SEO plugin. -->","yoast_head_json":{"title":"Contacto - Profutcamps","description":"\u00bfTienes dudas? Contacta con Profutcamps para atenci\u00f3n al cliente, consultas o soporte. Estamos aqu\u00ed para ayudarte de forma r\u00e1pida y eficaz.","robots":{"index":"index","follow":"follow","max-snippet":"max-snippet:-1","max-image-preview":"max-image-preview:large","max-video-preview":"max-video-preview:-1"},"canonical":"https:\/\/www.profutcamps.com\/en\/contacto\/","og_locale":"en_GB","og_type":"article","og_title":"Contacto - Profutcamps","og_description":"\u00bfTienes dudas? Contacta con Profutcamps para atenci\u00f3n al cliente, consultas o soporte. Estamos aqu\u00ed para ayudarte de forma r\u00e1pida y eficaz.","og_url":"https:\/\/www.profutcamps.com\/en\/contacto\/","og_site_name":"Profutcamps","article_publisher":"https:\/\/www.facebook.com\/Profutcamps\/","article_modified_time":"2025-08-13T07:44:57+00:00","twitter_card":"summary_large_image","twitter_site":"@profutcamps","twitter_misc":{"Estimated reading time":"1 minute"},"schema":{"@context":"https:\/\/schema.org","@graph":[{"@type":"WebPage","@id":"https:\/\/www.profutcamps.com\/contacto\/","url":"https:\/\/www.profutcamps.com\/contacto\/","name":"Contacto - Profutcamps","isPartOf":{"@id":"https:\/\/www.profutcamps.com\/#website"},"datePublished":"2025-01-20T13:44:59+00:00","dateModified":"2025-08-13T07:44:57+00:00","description":"\u00bfTienes dudas? Contacta con Profutcamps para atenci\u00f3n al cliente, consultas o soporte. Estamos aqu\u00ed para ayudarte de forma r\u00e1pida y eficaz.","breadcrumb":{"@id":"https:\/\/www.profutcamps.com\/contacto\/#breadcrumb"},"inLanguage":"en-GB","potentialAction":[{"@type":"ReadAction","target":["https:\/\/www.profutcamps.com\/contacto\/"]}]},{"@type":"BreadcrumbList","@id":"https:\/\/www.profutcamps.com\/contacto\/#breadcrumb","itemListElement":[{"@type":"ListItem","position":1,"name":"Portada","item":"https:\/\/www.profutcamps.com\/"},{"@type":"ListItem","position":2,"name":"Contacto"}]},{"@type":"WebSite","@id":"https:\/\/www.profutcamps.com\/#website","url":"https:\/\/www.profutcamps.com\/","name":"Profutcamps","description":"Train like a professional.","publisher":{"@id":"https:\/\/www.profutcamps.com\/#organization"},"potentialAction":[{"@type":"SearchAction","target":{"@type":"EntryPoint","urlTemplate":"https:\/\/www.profutcamps.com\/?s={search_term_string}"},"query-input":{"@type":"PropertyValueSpecification","valueRequired":true,"valueName":"search_term_string"}}],"inLanguage":"en-GB"},{"@type":"Organization","@id":"https:\/\/www.profutcamps.com\/#organization","name":"Profutcamps","url":"https:\/\/www.profutcamps.com\/","logo":{"@type":"ImageObject","inLanguage":"en-GB","@id":"https:\/\/www.profutcamps.com\/#\/schema\/logo\/image\/","url":"","contentUrl":"","caption":"Profutcamps"},"image":{"@id":"https:\/\/www.profutcamps.com\/#\/schema\/logo\/image\/"},"sameAs":["https:\/\/www.facebook.com\/Profutcamps\/","https:\/\/x.com\/profutcamps","https:\/\/www.instagram.com\/profutcamps\/","https:\/\/www.linkedin.com\/company\/profutcamps\/","https:\/\/www.youtube.com\/channel\/UCzqVg3BauC6-rsrDNuhEPlQ\/featured"]}]}},"_links":{"self":[{"href":"https:\/\/www.profutcamps.com\/en\/wp-json\/wp\/v2\/pages\/32653","targetHints":{"allow":["GET"]}}],"collection":[{"href":"https:\/\/www.profutcamps.com\/en\/wp-json\/wp\/v2\/pages"}],"about":[{"href":"https:\/\/www.profutcamps.com\/en\/wp-json\/wp\/v2\/types\/page"}],"author":[{"embeddable":true,"href":"https:\/\/www.profutcamps.com\/en\/wp-json\/wp\/v2\/users\/330"}],"replies":[{"embeddable":true,"href":"https:\/\/www.profutcamps.com\/en\/wp-json\/wp\/v2\/comments?post=32653"}],"version-history":[{"count":0,"href":"https:\/\/www.profutcamps.com\/en\/wp-json\/wp\/v2\/pages\/32653\/revisions"}],"wp:attachment":[{"href":"https:\/\/www.profutcamps.com\/en\/wp-json\/wp\/v2\/media?parent=32653"}],"curies":[{"name":"wp","href":"https:\/\/api.w.org\/{rel}","templated":true}]}}