{"id":43337,"date":"2026-02-14T02:55:48","date_gmt":"2026-02-14T01:55:48","guid":{"rendered":"https:\/\/www.profutcamps.com\/?page_id=43337"},"modified":"2026-02-14T14:33:43","modified_gmt":"2026-02-14T13:33:43","slug":"inicio-3","status":"publish","type":"page","link":"https:\/\/www.profutcamps.com\/en\/inicio-3\/","title":{"rendered":"Inicio 2"},"content":{"rendered":"<div data-elementor-type=\"wp-post\" data-elementor-id=\"43337\" class=\"elementor elementor-43337\" data-elementor-post-type=\"page\">\n\t\t\t\t<div class=\"elementor-element elementor-element-17bda100 e-flex e-con-boxed e-con e-parent\" data-id=\"17bda100\" data-element_type=\"container\" data-e-type=\"container\" data-settings=\"{&quot;background_background&quot;:&quot;video&quot;,&quot;background_video_link&quot;:&quot;https:\\\/\\\/www.profutcamps.com\\\/wp-content\\\/uploads\\\/2025\\\/09\\\/Video-Profutcamps.mp4&quot;,&quot;background_play_on_mobile&quot;:&quot;yes&quot;}\">\n\t\t\t\t\t<div class=\"e-con-inner\">\n\t\t<div class=\"elementor-background-video-container\">\n\t\t\t\t\t\t\t<video class=\"elementor-background-video-hosted\" role=\"presentation\" autoplay muted playsinline loop><\/video>\n\t\t\t\t\t<\/div><div class=\"elementor-element elementor-element-f76c49 e-con-full e-flex e-con e-child\" data-id=\"f76c49\" data-element_type=\"container\" data-e-type=\"container\">\n\t\t\t\t<div class=\"elementor-element elementor-element-a1d0e8f elementor-widget-tablet__width-initial elementor-widget-mobile__width-initial elementor-widget elementor-widget-heading\" data-id=\"a1d0e8f\" data-element_type=\"widget\" data-e-type=\"widget\" data-widget_type=\"heading.default\">\n\t\t\t\t<div class=\"elementor-widget-container\">\n\t\t\t\t\t<h2 class=\"elementor-heading-title elementor-size-default\">Train like a professional.<\/h2>\t\t\t\t<\/div>\n\t\t\t\t<\/div>\n\t\t\t\t<div class=\"elementor-element elementor-element-b012dc3 elementor-widget-mobile__width-inherit elementor-widget elementor-widget-heading\" data-id=\"b012dc3\" data-element_type=\"widget\" data-e-type=\"widget\" data-widget_type=\"heading.default\">\n\t\t\t\t<div class=\"elementor-widget-container\">\n\t\t\t\t\t<h3 class=\"elementor-heading-title elementor-size-default\">Academia y campus de f\u00fatbol profesionales de alto rendimiento.<\/h3>\t\t\t\t<\/div>\n\t\t\t\t<\/div>\n\t\t\t\t<\/div>\n\t\t<div class=\"elementor-element elementor-element-2e9475c e-con-full e-flex e-con e-child\" data-id=\"2e9475c\" data-element_type=\"container\" data-e-type=\"container\" data-settings=\"{&quot;position&quot;:&quot;absolute&quot;}\">\n\t\t\t\t<div class=\"elementor-element elementor-element-3c9804c elementor-align-center elementor-widget elementor-widget-lottie\" data-id=\"3c9804c\" data-element_type=\"widget\" data-e-type=\"widget\" data-settings=\"{&quot;source_json&quot;:{&quot;url&quot;:&quot;https:\\\/\\\/www.profutcamps.com\\\/wp-content\\\/uploads\\\/2026\\\/02\\\/Whit-Down-Arrow.json&quot;,&quot;id&quot;:43361,&quot;size&quot;:&quot;&quot;,&quot;alt&quot;:&quot;&quot;,&quot;source&quot;:&quot;library&quot;},&quot;link_to&quot;:&quot;custom&quot;,&quot;custom_link&quot;:{&quot;url&quot;:&quot;https:\\\/\\\/www.profutcamps.com\\\/inicio-3\\\/#inicio&quot;,&quot;is_external&quot;:&quot;&quot;,&quot;nofollow&quot;:&quot;&quot;,&quot;custom_attributes&quot;:&quot;&quot;},&quot;loop&quot;:&quot;yes&quot;,&quot;play_speed&quot;:{&quot;unit&quot;:&quot;px&quot;,&quot;size&quot;:1.8,&quot;sizes&quot;:[]},&quot;lazyload&quot;:&quot;yes&quot;,&quot;source&quot;:&quot;media_file&quot;,&quot;caption_source&quot;:&quot;none&quot;,&quot;trigger&quot;:&quot;arriving_to_viewport&quot;,&quot;viewport&quot;:{&quot;unit&quot;:&quot;%&quot;,&quot;size&quot;:&quot;&quot;,&quot;sizes&quot;:{&quot;start&quot;:0,&quot;end&quot;:100}},&quot;start_point&quot;:{&quot;unit&quot;:&quot;%&quot;,&quot;size&quot;:0,&quot;sizes&quot;:[]},&quot;end_point&quot;:{&quot;unit&quot;:&quot;%&quot;,&quot;size&quot;:100,&quot;sizes&quot;:[]},&quot;renderer&quot;:&quot;svg&quot;}\" data-widget_type=\"lottie.default\">\n\t\t\t\t<div class=\"elementor-widget-container\">\n\t\t\t\t\t<a class=\"e-lottie__container__link\" href=\"https:\/\/www.profutcamps.com\/en\/inicio-3\/#inicio\"><div class=\"e-lottie__container\"><div class=\"e-lottie__animation\"><\/div><\/div><\/a>\t\t\t\t<\/div>\n\t\t\t\t<\/div>\n\t\t\t\t<\/div>\n\t\t\t\t\t<\/div>\n\t\t\t\t<\/div>\n\t\t<div class=\"elementor-element elementor-element-7d81aa2 e-flex e-con-boxed e-con e-parent\" data-id=\"7d81aa2\" data-element_type=\"container\" data-e-type=\"container\" id=\"inicio\" data-settings=\"{&quot;background_background&quot;:&quot;classic&quot;}\">\n\t\t\t\t\t<div class=\"e-con-inner\">\n\t\t<div class=\"elementor-element elementor-element-bd4c155 e-flex e-con-boxed e-con e-child\" data-id=\"bd4c155\" data-element_type=\"container\" data-e-type=\"container\">\n\t\t\t\t\t<div class=\"e-con-inner\">\n\t\t\t\t<div class=\"elementor-element elementor-element-12c77c4 elementor-widget-tablet__width-initial elementor-widget__width-initial elementor-widget-mobile__width-initial elementor-widget elementor-widget-heading\" data-id=\"12c77c4\" data-element_type=\"widget\" data-e-type=\"widget\" data-widget_type=\"heading.default\">\n\t\t\t\t<div class=\"elementor-widget-container\">\n\t\t\t\t\t<h2 class=\"elementor-heading-title elementor-size-default\">Train like a professional.<\/h2>\t\t\t\t<\/div>\n\t\t\t\t<\/div>\n\t\t\t\t<div class=\"elementor-element elementor-element-82b5fa5 elementor-widget__width-initial elementor-widget-mobile__width-inherit elementor-widget elementor-widget-text-editor\" data-id=\"82b5fa5\" data-element_type=\"widget\" data-e-type=\"widget\" data-widget_type=\"text-editor.default\">\n\t\t\t\t<div class=\"elementor-widget-container\">\n\t\t\t\t\t\t\t\t\t<p>We are a sports training brand with over five years of experience, specializing in football camps and technical training for players and goalkeepers. As pioneers in high-performance training with competition for players over 15 years old, we have helped some of our students take a leap in their professional careers.<\/p>\n\n<p class=\"translation-block\"><strong>More than 8,000 boys and girls<\/strong> have enjoyed an unforgettable experience at Profutcamps in M\u00e1laga, Marbella, and Las Rozas. Want to know what the best football camps are like? Check them out on our social media.<\/p>\t\t\t\t\t\t\t\t<\/div>\n\t\t\t\t<\/div>\n\t\t\t\t\t<\/div>\n\t\t\t\t<\/div>\n\t\t<div class=\"elementor-element elementor-element-5238383 e-con-full e-flex e-con e-child\" data-id=\"5238383\" data-element_type=\"container\" data-e-type=\"container\" data-settings=\"{&quot;background_background&quot;:&quot;classic&quot;}\">\n\t\t<div class=\"elementor-element elementor-element-f84ba46 e-con-full e-flex e-con e-child\" data-id=\"f84ba46\" data-element_type=\"container\" data-e-type=\"container\">\n\t\t\t\t<div class=\"elementor-element elementor-element-585ba29 elementor-widget elementor-widget-heading\" data-id=\"585ba29\" data-element_type=\"widget\" data-e-type=\"widget\" data-widget_type=\"heading.default\">\n\t\t\t\t<div class=\"elementor-widget-container\">\n\t\t\t\t\t<h2 class=\"elementor-heading-title elementor-size-default\">ACADEMY<\/h2>\t\t\t\t<\/div>\n\t\t\t\t<\/div>\n\t\t\t\t<div class=\"elementor-element elementor-element-60643bf elementor-widget elementor-widget-text-editor\" data-id=\"60643bf\" data-element_type=\"widget\" data-e-type=\"widget\" data-widget_type=\"text-editor.default\">\n\t\t\t\t<div class=\"elementor-widget-container\">\n\t\t\t\t\t\t\t\t\t<p>Located in M\u00e1laga, the player is the main focus at Profutcamps Academy. Our team of professionals works both on and off the field to ensure complete development.<\/p>\t\t\t\t\t\t\t\t<\/div>\n\t\t\t\t<\/div>\n\t\t\t\t<\/div>\n\t\t\t\t<div class=\"elementor-element elementor-element-8a16bb7 elementor-mobile-align-right elementor-widget elementor-widget-button\" data-id=\"8a16bb7\" data-element_type=\"widget\" data-e-type=\"widget\" data-widget_type=\"button.default\">\n\t\t\t\t<div class=\"elementor-widget-container\">\n\t\t\t\t\t\t\t\t\t<div class=\"elementor-button-wrapper\">\n\t\t\t\t\t<a class=\"elementor-button elementor-button-link elementor-size-sm elementor-animation-rotate\" href=\"https:\/\/www.profutcamps.com\/en\/academy\/\">\n\t\t\t\t\t\t<span class=\"elementor-button-content-wrapper\">\n\t\t\t\t\t\t<span class=\"elementor-button-icon\">\n\t\t\t\t<i aria-hidden=\"true\" class=\"fas fa-plus\"><\/i>\t\t\t<\/span>\n\t\t\t\t\t\t\t\t<\/span>\n\t\t\t\t\t<\/a>\n\t\t\t\t<\/div>\n\t\t\t\t\t\t\t\t<\/div>\n\t\t\t\t<\/div>\n\t\t\t\t<\/div>\n\t\t<div class=\"elementor-element elementor-element-e803aa9 e-con-full e-flex e-con e-child\" data-id=\"e803aa9\" data-element_type=\"container\" data-e-type=\"container\" data-settings=\"{&quot;background_background&quot;:&quot;classic&quot;}\">\n\t\t<div class=\"elementor-element elementor-element-b3c3b93 e-con-full e-flex e-con e-child\" data-id=\"b3c3b93\" data-element_type=\"container\" data-e-type=\"container\">\n\t\t\t\t<div class=\"elementor-element elementor-element-e148abc elementor-widget elementor-widget-heading\" data-id=\"e148abc\" data-element_type=\"widget\" data-e-type=\"widget\" data-widget_type=\"heading.default\">\n\t\t\t\t<div class=\"elementor-widget-container\">\n\t\t\t\t\t<h2 class=\"elementor-heading-title elementor-size-default\">CAMPUS<\/h2>\t\t\t\t<\/div>\n\t\t\t\t<\/div>\n\t\t\t\t<div class=\"elementor-element elementor-element-fba397e elementor-widget elementor-widget-text-editor\" data-id=\"fba397e\" data-element_type=\"widget\" data-e-type=\"widget\" data-widget_type=\"text-editor.default\">\n\t\t\t\t<div class=\"elementor-widget-container\">\n\t\t\t\t\t\t\t\t\t<p>Profutcamps was born by and for football camps. We've held dozens of camps and continue to offer the best football experience to students from all over the world.<\/p>\t\t\t\t\t\t\t\t<\/div>\n\t\t\t\t<\/div>\n\t\t\t\t<\/div>\n\t\t\t\t<div class=\"elementor-element elementor-element-8004794 elementor-mobile-align-right elementor-widget elementor-widget-button\" data-id=\"8004794\" data-element_type=\"widget\" data-e-type=\"widget\" data-widget_type=\"button.default\">\n\t\t\t\t<div class=\"elementor-widget-container\">\n\t\t\t\t\t\t\t\t\t<div class=\"elementor-button-wrapper\">\n\t\t\t\t\t<a class=\"elementor-button elementor-button-link elementor-size-sm elementor-animation-rotate\" href=\"https:\/\/www.profutcamps.com\/en\/campus\/\">\n\t\t\t\t\t\t<span class=\"elementor-button-content-wrapper\">\n\t\t\t\t\t\t<span class=\"elementor-button-icon\">\n\t\t\t\t<i aria-hidden=\"true\" class=\"fas fa-plus\"><\/i>\t\t\t<\/span>\n\t\t\t\t\t\t\t\t<\/span>\n\t\t\t\t\t<\/a>\n\t\t\t\t<\/div>\n\t\t\t\t\t\t\t\t<\/div>\n\t\t\t\t<\/div>\n\t\t\t\t<\/div>\n\t\t\t\t\t<\/div>\n\t\t\t\t<\/div>\n\t\t\t\t<\/div>","protected":false},"excerpt":{"rendered":"<p>Entrena como un profesional. Academia y campus de f\u00fatbol profesionales de alto rendimiento. Entrena como un profesional. Somos una marca de formaci\u00f3n deportiva con m\u00e1s de cinco a\u00f1os de experiencia, especializada en campus de f\u00fatbol y tecnificaci\u00f3n, para jugadores y porteros. Pioneros del alto rendimiento con competici\u00f3n para mayores de quince a\u00f1os hemos conseguido que [&hellip;]<\/p>\n","protected":false},"author":330,"featured_media":0,"parent":0,"menu_order":0,"comment_status":"closed","ping_status":"closed","template":"","meta":{"footnotes":""},"class_list":["post-43337","page","type-page","status-publish","hentry"],"yoast_head":"<!-- This site is optimized with the Yoast SEO plugin v27.4 - https:\/\/yoast.com\/product\/yoast-seo-wordpress\/ -->\n<title>Profutcamps - Campus de f\u00fatbol<\/title>\n<meta name=\"description\" content=\"El mejor campus internacional de f\u00fatbol Femenino y Masculino. En Profutcamps encontrar\u00e1s la experiencia m\u00e1s gratificante y divertida. Marbella (M\u00e1laga)\" \/>\n<meta name=\"robots\" content=\"index, follow, max-snippet:-1, max-image-preview:large, max-video-preview:-1\" \/>\n<link rel=\"canonical\" href=\"https:\/\/www.profutcamps.com\/en\/inicio-3\/\" \/>\n<meta property=\"og:locale\" content=\"en_GB\" \/>\n<meta property=\"og:type\" content=\"article\" \/>\n<meta property=\"og:title\" content=\"Profutcamps - Campus de f\u00fatbol\" \/>\n<meta property=\"og:description\" content=\"El mejor campus internacional de f\u00fatbol Femenino y Masculino. En Profutcamps encontrar\u00e1s la experiencia m\u00e1s gratificante y divertida. Marbella (M\u00e1laga)\" \/>\n<meta property=\"og:url\" content=\"https:\/\/www.profutcamps.com\/en\/inicio-3\/\" \/>\n<meta property=\"og:site_name\" content=\"Profutcamps\" \/>\n<meta property=\"article:publisher\" content=\"https:\/\/www.facebook.com\/Profutcamps\/\" \/>\n<meta property=\"article:modified_time\" content=\"2026-02-14T13:33:43+00:00\" \/>\n<meta name=\"twitter:card\" content=\"summary_large_image\" \/>\n<meta name=\"twitter:site\" content=\"@profutcamps\" \/>\n<meta name=\"twitter:label1\" content=\"Estimated reading time\" \/>\n\t<meta name=\"twitter:data1\" content=\"1 minute\" \/>\n<script type=\"application\/ld+json\" class=\"yoast-schema-graph\">{\"@context\":\"https:\\\/\\\/schema.org\",\"@graph\":[{\"@type\":\"WebPage\",\"@id\":\"https:\\\/\\\/www.profutcamps.com\\\/inicio-3\\\/\",\"url\":\"https:\\\/\\\/www.profutcamps.com\\\/inicio-3\\\/\",\"name\":\"Profutcamps - Campus de f\u00fatbol\",\"isPartOf\":{\"@id\":\"https:\\\/\\\/www.profutcamps.com\\\/#website\"},\"datePublished\":\"2026-02-14T01:55:48+00:00\",\"dateModified\":\"2026-02-14T13:33:43+00:00\",\"description\":\"El mejor campus internacional de f\u00fatbol Femenino y Masculino. En Profutcamps encontrar\u00e1s la experiencia m\u00e1s gratificante y divertida. Marbella (M\u00e1laga)\",\"breadcrumb\":{\"@id\":\"https:\\\/\\\/www.profutcamps.com\\\/inicio-3\\\/#breadcrumb\"},\"inLanguage\":\"en-GB\",\"potentialAction\":[{\"@type\":\"ReadAction\",\"target\":[\"https:\\\/\\\/www.profutcamps.com\\\/inicio-3\\\/\"]}]},{\"@type\":\"BreadcrumbList\",\"@id\":\"https:\\\/\\\/www.profutcamps.com\\\/inicio-3\\\/#breadcrumb\",\"itemListElement\":[{\"@type\":\"ListItem\",\"position\":1,\"name\":\"Portada\",\"item\":\"https:\\\/\\\/www.profutcamps.com\\\/\"},{\"@type\":\"ListItem\",\"position\":2,\"name\":\"Inicio 2\"}]},{\"@type\":\"WebSite\",\"@id\":\"https:\\\/\\\/www.profutcamps.com\\\/#website\",\"url\":\"https:\\\/\\\/www.profutcamps.com\\\/\",\"name\":\"Profutcamps\",\"description\":\"Entrena como un profesional.\",\"publisher\":{\"@id\":\"https:\\\/\\\/www.profutcamps.com\\\/#organization\"},\"potentialAction\":[{\"@type\":\"SearchAction\",\"target\":{\"@type\":\"EntryPoint\",\"urlTemplate\":\"https:\\\/\\\/www.profutcamps.com\\\/?s={search_term_string}\"},\"query-input\":{\"@type\":\"PropertyValueSpecification\",\"valueRequired\":true,\"valueName\":\"search_term_string\"}}],\"inLanguage\":\"en-GB\"},{\"@type\":\"Organization\",\"@id\":\"https:\\\/\\\/www.profutcamps.com\\\/#organization\",\"name\":\"Profutcamps\",\"url\":\"https:\\\/\\\/www.profutcamps.com\\\/\",\"logo\":{\"@type\":\"ImageObject\",\"inLanguage\":\"en-GB\",\"@id\":\"https:\\\/\\\/www.profutcamps.com\\\/#\\\/schema\\\/logo\\\/image\\\/\",\"url\":\"\",\"contentUrl\":\"\",\"caption\":\"Profutcamps\"},\"image\":{\"@id\":\"https:\\\/\\\/www.profutcamps.com\\\/#\\\/schema\\\/logo\\\/image\\\/\"},\"sameAs\":[\"https:\\\/\\\/www.facebook.com\\\/Profutcamps\\\/\",\"https:\\\/\\\/x.com\\\/profutcamps\",\"https:\\\/\\\/www.instagram.com\\\/profutcamps\\\/\",\"https:\\\/\\\/www.linkedin.com\\\/company\\\/profutcamps\\\/\",\"https:\\\/\\\/www.youtube.com\\\/channel\\\/UCzqVg3BauC6-rsrDNuhEPlQ\\\/featured\"]}]}<\/script>\n<!-- \/ Yoast SEO plugin. -->","yoast_head_json":{"title":"Profutcamps - Campus de f\u00fatbol","description":"El mejor campus internacional de f\u00fatbol Femenino y Masculino. En Profutcamps encontrar\u00e1s la experiencia m\u00e1s gratificante y divertida. Marbella (M\u00e1laga)","robots":{"index":"index","follow":"follow","max-snippet":"max-snippet:-1","max-image-preview":"max-image-preview:large","max-video-preview":"max-video-preview:-1"},"canonical":"https:\/\/www.profutcamps.com\/en\/inicio-3\/","og_locale":"en_GB","og_type":"article","og_title":"Profutcamps - Campus de f\u00fatbol","og_description":"El mejor campus internacional de f\u00fatbol Femenino y Masculino. En Profutcamps encontrar\u00e1s la experiencia m\u00e1s gratificante y divertida. Marbella (M\u00e1laga)","og_url":"https:\/\/www.profutcamps.com\/en\/inicio-3\/","og_site_name":"Profutcamps","article_publisher":"https:\/\/www.facebook.com\/Profutcamps\/","article_modified_time":"2026-02-14T13:33:43+00:00","twitter_card":"summary_large_image","twitter_site":"@profutcamps","twitter_misc":{"Estimated reading time":"1 minute"},"schema":{"@context":"https:\/\/schema.org","@graph":[{"@type":"WebPage","@id":"https:\/\/www.profutcamps.com\/inicio-3\/","url":"https:\/\/www.profutcamps.com\/inicio-3\/","name":"Profutcamps - Campus de f\u00fatbol","isPartOf":{"@id":"https:\/\/www.profutcamps.com\/#website"},"datePublished":"2026-02-14T01:55:48+00:00","dateModified":"2026-02-14T13:33:43+00:00","description":"El mejor campus internacional de f\u00fatbol Femenino y Masculino. En Profutcamps encontrar\u00e1s la experiencia m\u00e1s gratificante y divertida. Marbella (M\u00e1laga)","breadcrumb":{"@id":"https:\/\/www.profutcamps.com\/inicio-3\/#breadcrumb"},"inLanguage":"en-GB","potentialAction":[{"@type":"ReadAction","target":["https:\/\/www.profutcamps.com\/inicio-3\/"]}]},{"@type":"BreadcrumbList","@id":"https:\/\/www.profutcamps.com\/inicio-3\/#breadcrumb","itemListElement":[{"@type":"ListItem","position":1,"name":"Portada","item":"https:\/\/www.profutcamps.com\/"},{"@type":"ListItem","position":2,"name":"Inicio 2"}]},{"@type":"WebSite","@id":"https:\/\/www.profutcamps.com\/#website","url":"https:\/\/www.profutcamps.com\/","name":"Profutcamps","description":"Train like a professional.","publisher":{"@id":"https:\/\/www.profutcamps.com\/#organization"},"potentialAction":[{"@type":"SearchAction","target":{"@type":"EntryPoint","urlTemplate":"https:\/\/www.profutcamps.com\/?s={search_term_string}"},"query-input":{"@type":"PropertyValueSpecification","valueRequired":true,"valueName":"search_term_string"}}],"inLanguage":"en-GB"},{"@type":"Organization","@id":"https:\/\/www.profutcamps.com\/#organization","name":"Profutcamps","url":"https:\/\/www.profutcamps.com\/","logo":{"@type":"ImageObject","inLanguage":"en-GB","@id":"https:\/\/www.profutcamps.com\/#\/schema\/logo\/image\/","url":"","contentUrl":"","caption":"Profutcamps"},"image":{"@id":"https:\/\/www.profutcamps.com\/#\/schema\/logo\/image\/"},"sameAs":["https:\/\/www.facebook.com\/Profutcamps\/","https:\/\/x.com\/profutcamps","https:\/\/www.instagram.com\/profutcamps\/","https:\/\/www.linkedin.com\/company\/profutcamps\/","https:\/\/www.youtube.com\/channel\/UCzqVg3BauC6-rsrDNuhEPlQ\/featured"]}]}},"_links":{"self":[{"href":"https:\/\/www.profutcamps.com\/en\/wp-json\/wp\/v2\/pages\/43337","targetHints":{"allow":["GET"]}}],"collection":[{"href":"https:\/\/www.profutcamps.com\/en\/wp-json\/wp\/v2\/pages"}],"about":[{"href":"https:\/\/www.profutcamps.com\/en\/wp-json\/wp\/v2\/types\/page"}],"author":[{"embeddable":true,"href":"https:\/\/www.profutcamps.com\/en\/wp-json\/wp\/v2\/users\/330"}],"replies":[{"embeddable":true,"href":"https:\/\/www.profutcamps.com\/en\/wp-json\/wp\/v2\/comments?post=43337"}],"version-history":[{"count":35,"href":"https:\/\/www.profutcamps.com\/en\/wp-json\/wp\/v2\/pages\/43337\/revisions"}],"predecessor-version":[{"id":43407,"href":"https:\/\/www.profutcamps.com\/en\/wp-json\/wp\/v2\/pages\/43337\/revisions\/43407"}],"wp:attachment":[{"href":"https:\/\/www.profutcamps.com\/en\/wp-json\/wp\/v2\/media?parent=43337"}],"curies":[{"name":"wp","href":"https:\/\/api.w.org\/{rel}","templated":true}]}}