{"id":11744,"date":"2022-02-10T12:54:37","date_gmt":"2022-02-10T11:54:37","guid":{"rendered":"https:\/\/www.profutcamps.com\/?post_type=product&#038;p=11744"},"modified":"2026-03-31T12:36:29","modified_gmt":"2026-03-31T10:36:29","slug":"campus-de-verano-mananas","status":"publish","type":"product","link":"https:\/\/www.profutcamps.com\/en\/product\/campus-de-verano-mananas\/","title":{"rendered":"Campus de Verano &#8211; Solo Ma\u00f1anas"},"content":{"rendered":"<p>Disfruta de domingo a s\u00e1bado del mejor campus de f\u00fatbol en Profutcamps. 7 d\u00edas de f\u00fatbol en los mejores campos de f\u00fatbol de c\u00e9sped natural con entrenadores de Cantera de toda Espa\u00f1a. Si tienes menos de 15 a\u00f1os y vives por la zona, \u00a1ven a Profutcamps!<\/p>\n<ul>\n<li class=\"translation-block\">7 days of <br>high-performance training<\/li>\n<li>Entrenamiento diario espec\u00ed\ufb01co<\/li>\n<li>Entrenadores de las mejores canteras de \u00e1mbito nacional e internacional<\/li>\n<li>4 campos de f\u00fatbol 11 de c\u00e9sped natural<\/li>\n<li class=\"translation-block\">Nike training kit<\/li>\n<li>Fisioterapeuta y entrenador personal de jugadores de 1\u00ba divisi\u00f3n<\/li>\n<li>Competiciones y torneos<\/li>\n<li>Accident insurance and RC. Medical coverage (mutuality private)<\/li>\n<li>Certificate PROFUTCAMPS<\/li>\n<\/ul>\n<p><b>The morning-only shift is exclusively for children under 15 years of age.<\/b><\/p>","protected":false},"excerpt":{"rendered":"<p>Disfruta de domingo a s\u00e1bado del mejor campus de f\u00fatbol en Profutcamps. 7 d\u00edas de f\u00fatbol en los mejores campos de f\u00fatbol de c\u00e9sped natural con entrenadores de Cantera de toda Espa\u00f1a. Si tienes menos de 15 a\u00f1os y vives por la zona, \u00a1ven a Profutcamps! 7 d\u00edas de alta tecnificaci\u00f3n\/alto rendimiento Entrenamiento diario espec\u00ed\ufb01co [&hellip;]<\/p>\n","protected":false},"featured_media":37552,"template":"","meta":[],"product_brand":[],"product_cat":[80,1016],"product_tag":[815],"class_list":{"0":"post-11744","1":"product","2":"type-product","3":"status-publish","4":"has-post-thumbnail","6":"product_cat-externo","7":"product_cat-verano","8":"product_tag-campus","10":"first","11":"instock","12":"sold-individually","13":"taxable","14":"shipping-taxable","15":"purchasable","16":"product-type-variable"},"yoast_head":"<!-- This site is optimized with the Yoast SEO plugin v27.4 - https:\/\/yoast.com\/product\/yoast-seo-wordpress\/ -->\n<title>Campus de Verano - Solo Ma\u00f1anas<\/title>\n<meta name=\"robots\" content=\"index, follow, max-snippet:-1, max-image-preview:large, max-video-preview:-1\" \/>\n<link rel=\"canonical\" href=\"https:\/\/www.profutcamps.com\/en\/product\/campus-de-verano-mananas\/\" \/>\n<meta property=\"og:locale\" content=\"en_GB\" \/>\n<meta property=\"og:type\" content=\"article\" \/>\n<meta property=\"og:title\" content=\"Campus de Verano - Solo Ma\u00f1anas\" \/>\n<meta property=\"og:description\" content=\"Disfruta de domingo a s\u00e1bado del mejor campus de f\u00fatbol en Profutcamps. 7 d\u00edas de f\u00fatbol en los mejores campos de f\u00fatbol de c\u00e9sped natural con entrenadores de Cantera de toda Espa\u00f1a. Si tienes menos de 15 a\u00f1os y vives por la zona, \u00a1ven a Profutcamps! 7 d\u00edas de alta tecnificaci\u00f3n\/alto rendimiento Entrenamiento diario espec\u00ed\ufb01co [&hellip;]\" \/>\n<meta property=\"og:url\" content=\"https:\/\/www.profutcamps.com\/en\/product\/campus-de-verano-mananas\/\" \/>\n<meta property=\"og:site_name\" content=\"Profutcamps\" \/>\n<meta property=\"article:publisher\" content=\"https:\/\/www.facebook.com\/Profutcamps\/\" \/>\n<meta property=\"article:modified_time\" content=\"2026-03-31T10:36:29+00:00\" \/>\n<meta property=\"og:image\" content=\"https:\/\/www.profutcamps.com\/wp-content\/uploads\/2025\/09\/Profutcamps-Campus-Verano-Mananas.webp\" \/>\n\t<meta property=\"og:image:width\" content=\"1000\" \/>\n\t<meta property=\"og:image:height\" content=\"1000\" \/>\n\t<meta property=\"og:image:type\" content=\"image\/webp\" \/>\n<meta name=\"twitter:card\" content=\"summary_large_image\" \/>\n<meta name=\"twitter:site\" content=\"@profutcamps\" \/>\n<meta name=\"twitter:label1\" content=\"Estimated reading time\" \/>\n\t<meta name=\"twitter:data1\" content=\"1 minute\" \/>\n<script type=\"application\/ld+json\" class=\"yoast-schema-graph\">{\"@context\":\"https:\\\/\\\/schema.org\",\"@graph\":[{\"@type\":\"WebPage\",\"@id\":\"https:\\\/\\\/www.profutcamps.com\\\/producto\\\/campus-de-verano-mananas\\\/\",\"url\":\"https:\\\/\\\/www.profutcamps.com\\\/producto\\\/campus-de-verano-mananas\\\/\",\"name\":\"Campus de Verano - Solo Ma\u00f1anas\",\"isPartOf\":{\"@id\":\"https:\\\/\\\/www.profutcamps.com\\\/#website\"},\"primaryImageOfPage\":{\"@id\":\"https:\\\/\\\/www.profutcamps.com\\\/producto\\\/campus-de-verano-mananas\\\/#primaryimage\"},\"image\":{\"@id\":\"https:\\\/\\\/www.profutcamps.com\\\/producto\\\/campus-de-verano-mananas\\\/#primaryimage\"},\"thumbnailUrl\":\"https:\\\/\\\/www.profutcamps.com\\\/wp-content\\\/uploads\\\/2025\\\/09\\\/Profutcamps-Campus-Verano-Mananas.webp\",\"datePublished\":\"2022-02-10T11:54:37+00:00\",\"dateModified\":\"2026-03-31T10:36:29+00:00\",\"breadcrumb\":{\"@id\":\"https:\\\/\\\/www.profutcamps.com\\\/producto\\\/campus-de-verano-mananas\\\/#breadcrumb\"},\"inLanguage\":\"en-GB\",\"potentialAction\":[{\"@type\":\"ReadAction\",\"target\":[\"https:\\\/\\\/www.profutcamps.com\\\/producto\\\/campus-de-verano-mananas\\\/\"]}]},{\"@type\":\"ImageObject\",\"inLanguage\":\"en-GB\",\"@id\":\"https:\\\/\\\/www.profutcamps.com\\\/producto\\\/campus-de-verano-mananas\\\/#primaryimage\",\"url\":\"https:\\\/\\\/www.profutcamps.com\\\/wp-content\\\/uploads\\\/2025\\\/09\\\/Profutcamps-Campus-Verano-Mananas.webp\",\"contentUrl\":\"https:\\\/\\\/www.profutcamps.com\\\/wp-content\\\/uploads\\\/2025\\\/09\\\/Profutcamps-Campus-Verano-Mananas.webp\",\"width\":1000,\"height\":1000},{\"@type\":\"BreadcrumbList\",\"@id\":\"https:\\\/\\\/www.profutcamps.com\\\/producto\\\/campus-de-verano-mananas\\\/#breadcrumb\",\"itemListElement\":[{\"@type\":\"ListItem\",\"position\":1,\"name\":\"Portada\",\"item\":\"https:\\\/\\\/www.profutcamps.com\\\/\"},{\"@type\":\"ListItem\",\"position\":2,\"name\":\"Tienda\",\"item\":\"https:\\\/\\\/www.profutcamps.com\\\/tienda\\\/\"},{\"@type\":\"ListItem\",\"position\":3,\"name\":\"Campus de Verano &#8211; Solo Ma\u00f1anas\"}]},{\"@type\":\"WebSite\",\"@id\":\"https:\\\/\\\/www.profutcamps.com\\\/#website\",\"url\":\"https:\\\/\\\/www.profutcamps.com\\\/\",\"name\":\"Profutcamps\",\"description\":\"Entrena como un profesional.\",\"publisher\":{\"@id\":\"https:\\\/\\\/www.profutcamps.com\\\/#organization\"},\"potentialAction\":[{\"@type\":\"SearchAction\",\"target\":{\"@type\":\"EntryPoint\",\"urlTemplate\":\"https:\\\/\\\/www.profutcamps.com\\\/?s={search_term_string}\"},\"query-input\":{\"@type\":\"PropertyValueSpecification\",\"valueRequired\":true,\"valueName\":\"search_term_string\"}}],\"inLanguage\":\"en-GB\"},{\"@type\":\"Organization\",\"@id\":\"https:\\\/\\\/www.profutcamps.com\\\/#organization\",\"name\":\"Profutcamps\",\"url\":\"https:\\\/\\\/www.profutcamps.com\\\/\",\"logo\":{\"@type\":\"ImageObject\",\"inLanguage\":\"en-GB\",\"@id\":\"https:\\\/\\\/www.profutcamps.com\\\/#\\\/schema\\\/logo\\\/image\\\/\",\"url\":\"\",\"contentUrl\":\"\",\"caption\":\"Profutcamps\"},\"image\":{\"@id\":\"https:\\\/\\\/www.profutcamps.com\\\/#\\\/schema\\\/logo\\\/image\\\/\"},\"sameAs\":[\"https:\\\/\\\/www.facebook.com\\\/Profutcamps\\\/\",\"https:\\\/\\\/x.com\\\/profutcamps\",\"https:\\\/\\\/www.instagram.com\\\/profutcamps\\\/\",\"https:\\\/\\\/www.linkedin.com\\\/company\\\/profutcamps\\\/\",\"https:\\\/\\\/www.youtube.com\\\/channel\\\/UCzqVg3BauC6-rsrDNuhEPlQ\\\/featured\"]}]}<\/script>\n<!-- \/ Yoast SEO plugin. -->","yoast_head_json":{"title":"Campus de Verano - Solo Ma\u00f1anas","robots":{"index":"index","follow":"follow","max-snippet":"max-snippet:-1","max-image-preview":"max-image-preview:large","max-video-preview":"max-video-preview:-1"},"canonical":"https:\/\/www.profutcamps.com\/en\/product\/campus-de-verano-mananas\/","og_locale":"en_GB","og_type":"article","og_title":"Campus de Verano - Solo Ma\u00f1anas","og_description":"Disfruta de domingo a s\u00e1bado del mejor campus de f\u00fatbol en Profutcamps. 7 d\u00edas de f\u00fatbol en los mejores campos de f\u00fatbol de c\u00e9sped natural con entrenadores de Cantera de toda Espa\u00f1a. Si tienes menos de 15 a\u00f1os y vives por la zona, \u00a1ven a Profutcamps! 7 d\u00edas de alta tecnificaci\u00f3n\/alto rendimiento Entrenamiento diario espec\u00ed\ufb01co [&hellip;]","og_url":"https:\/\/www.profutcamps.com\/en\/product\/campus-de-verano-mananas\/","og_site_name":"Profutcamps","article_publisher":"https:\/\/www.facebook.com\/Profutcamps\/","article_modified_time":"2026-03-31T10:36:29+00:00","og_image":[{"width":1000,"height":1000,"url":"https:\/\/www.profutcamps.com\/wp-content\/uploads\/2025\/09\/Profutcamps-Campus-Verano-Mananas.webp","type":"image\/webp"}],"twitter_card":"summary_large_image","twitter_site":"@profutcamps","twitter_misc":{"Estimated reading time":"1 minute"},"schema":{"@context":"https:\/\/schema.org","@graph":[{"@type":"WebPage","@id":"https:\/\/www.profutcamps.com\/producto\/campus-de-verano-mananas\/","url":"https:\/\/www.profutcamps.com\/producto\/campus-de-verano-mananas\/","name":"Campus de Verano - Solo Ma\u00f1anas","isPartOf":{"@id":"https:\/\/www.profutcamps.com\/#website"},"primaryImageOfPage":{"@id":"https:\/\/www.profutcamps.com\/producto\/campus-de-verano-mananas\/#primaryimage"},"image":{"@id":"https:\/\/www.profutcamps.com\/producto\/campus-de-verano-mananas\/#primaryimage"},"thumbnailUrl":"https:\/\/www.profutcamps.com\/wp-content\/uploads\/2025\/09\/Profutcamps-Campus-Verano-Mananas.webp","datePublished":"2022-02-10T11:54:37+00:00","dateModified":"2026-03-31T10:36:29+00:00","breadcrumb":{"@id":"https:\/\/www.profutcamps.com\/producto\/campus-de-verano-mananas\/#breadcrumb"},"inLanguage":"en-GB","potentialAction":[{"@type":"ReadAction","target":["https:\/\/www.profutcamps.com\/producto\/campus-de-verano-mananas\/"]}]},{"@type":"ImageObject","inLanguage":"en-GB","@id":"https:\/\/www.profutcamps.com\/producto\/campus-de-verano-mananas\/#primaryimage","url":"https:\/\/www.profutcamps.com\/wp-content\/uploads\/2025\/09\/Profutcamps-Campus-Verano-Mananas.webp","contentUrl":"https:\/\/www.profutcamps.com\/wp-content\/uploads\/2025\/09\/Profutcamps-Campus-Verano-Mananas.webp","width":1000,"height":1000},{"@type":"BreadcrumbList","@id":"https:\/\/www.profutcamps.com\/producto\/campus-de-verano-mananas\/#breadcrumb","itemListElement":[{"@type":"ListItem","position":1,"name":"Portada","item":"https:\/\/www.profutcamps.com\/"},{"@type":"ListItem","position":2,"name":"Tienda","item":"https:\/\/www.profutcamps.com\/tienda\/"},{"@type":"ListItem","position":3,"name":"Campus de Verano &#8211; Solo Ma\u00f1anas"}]},{"@type":"WebSite","@id":"https:\/\/www.profutcamps.com\/#website","url":"https:\/\/www.profutcamps.com\/","name":"Profutcamps","description":"Train like a professional.","publisher":{"@id":"https:\/\/www.profutcamps.com\/#organization"},"potentialAction":[{"@type":"SearchAction","target":{"@type":"EntryPoint","urlTemplate":"https:\/\/www.profutcamps.com\/?s={search_term_string}"},"query-input":{"@type":"PropertyValueSpecification","valueRequired":true,"valueName":"search_term_string"}}],"inLanguage":"en-GB"},{"@type":"Organization","@id":"https:\/\/www.profutcamps.com\/#organization","name":"Profutcamps","url":"https:\/\/www.profutcamps.com\/","logo":{"@type":"ImageObject","inLanguage":"en-GB","@id":"https:\/\/www.profutcamps.com\/#\/schema\/logo\/image\/","url":"","contentUrl":"","caption":"Profutcamps"},"image":{"@id":"https:\/\/www.profutcamps.com\/#\/schema\/logo\/image\/"},"sameAs":["https:\/\/www.facebook.com\/Profutcamps\/","https:\/\/x.com\/profutcamps","https:\/\/www.instagram.com\/profutcamps\/","https:\/\/www.linkedin.com\/company\/profutcamps\/","https:\/\/www.youtube.com\/channel\/UCzqVg3BauC6-rsrDNuhEPlQ\/featured"]}]}},"_links":{"self":[{"href":"https:\/\/www.profutcamps.com\/en\/wp-json\/wp\/v2\/product\/11744","targetHints":{"allow":["GET"]}}],"collection":[{"href":"https:\/\/www.profutcamps.com\/en\/wp-json\/wp\/v2\/product"}],"about":[{"href":"https:\/\/www.profutcamps.com\/en\/wp-json\/wp\/v2\/types\/product"}],"version-history":[{"count":1,"href":"https:\/\/www.profutcamps.com\/en\/wp-json\/wp\/v2\/product\/11744\/revisions"}],"predecessor-version":[{"id":42344,"href":"https:\/\/www.profutcamps.com\/en\/wp-json\/wp\/v2\/product\/11744\/revisions\/42344"}],"wp:featuredmedia":[{"embeddable":true,"href":"https:\/\/www.profutcamps.com\/en\/wp-json\/wp\/v2\/media\/37552"}],"wp:attachment":[{"href":"https:\/\/www.profutcamps.com\/en\/wp-json\/wp\/v2\/media?parent=11744"}],"wp:term":[{"taxonomy":"product_brand","embeddable":true,"href":"https:\/\/www.profutcamps.com\/en\/wp-json\/wp\/v2\/product_brand?post=11744"},{"taxonomy":"product_cat","embeddable":true,"href":"https:\/\/www.profutcamps.com\/en\/wp-json\/wp\/v2\/product_cat?post=11744"},{"taxonomy":"product_tag","embeddable":true,"href":"https:\/\/www.profutcamps.com\/en\/wp-json\/wp\/v2\/product_tag?post=11744"}],"curies":[{"name":"wp","href":"https:\/\/api.w.org\/{rel}","templated":true}]}}