{"id":11858,"date":"2022-02-15T12:34:28","date_gmt":"2022-02-15T11:34:28","guid":{"rendered":"https:\/\/www.profutcamps.com\/?post_type=product&#038;p=11858"},"modified":"2026-03-30T10:42:45","modified_gmt":"2026-03-30T08:42:45","slug":"clinic-semana-santa","status":"publish","type":"product","link":"https:\/\/www.profutcamps.com\/en\/product\/clinic-semana-santa\/","title":{"rendered":"Clinic Holy Week"},"content":{"rendered":"<p>The <strong>clinic Profutcamps<\/strong> tendr\u00e1 lugar el pr\u00f3ximo d\u00eda <strong>14 de abril en los campos de c\u00e9sped natural de Profutcamps<\/strong> y est\u00e1 compuesto de jornadas de entrenamiento de tecnificaci\u00f3n y alto rendimiento en grupos reducidos, mientras disfrutan de una experiencia \u00fanica con Entrenadores Del Real Betis B., M\u00e1laga C.F., Granada C.F&#8230;.<\/p>\n<p>What&#039;s included?<\/p>\n<ul>\n<li>4 d\u00edas de alto rendimiento\/alta tecnificaci\u00f3n.<\/li>\n<li>4 campos de f\u00fatbol 11 de c\u00e9sped natural.<\/li>\n<li>Entrenadores UEFA de canteras como, Sevilla CF, Valencia CF, Getafe CF, adem\u00e1s de nuestro preparador f\u00edsico en activo que trabaja con jugadores de 1\u00aadivisi\u00f3n y nuestro analista de v\u00eddeo.<\/li>\n<li>1 Equipaci\u00f3n Nike de entrenamiento.<\/li>\n<li>Visit Scouts<\/li>\n<li>Seguro RC + Accidentes<\/li>\n<\/ul>","protected":false},"excerpt":{"rendered":"<p>The <strong>clinic Profutcamps<\/strong> tendr\u00e1 lugar el pr\u00f3ximo d\u00eda <strong>25 de marzo en los campos de c\u00e9sped natural de Profutcamps<\/strong> y est\u00e1 compuesto de jornadas de entrenamiento de tecnificaci\u00f3n y alto rendimiento en grupos reducidos, mientras disfrutan de una experiencia \u00fanica con Entrenadores Del Real Betis B., M\u00e1laga C.F., Granada C.F&#8230;.<\/p>\n<p>What&#039;s included?<\/p>\n<ul>\n<li>4 d\u00edas de alto rendimiento\/alta tecnificaci\u00f3n.<\/li>\n<li>4 campos de f\u00fatbol 11 de c\u00e9sped natural.<\/li>\n<li>Entrenadores UEFA de canteras como, Sevilla CF, Valencia CF, Getafe CF, adem\u00e1s de nuestro preparador f\u00edsico en activo que trabaja con jugadores de 1\u00aadivisi\u00f3n y nuestro analista de v\u00eddeo.<\/li>\n<li>1 Equipaci\u00f3n Nike de entrenamiento.<\/li>\n<li>Visit Scouts<\/li>\n<li>Seguro RC + Accidentes<\/li>\n<\/ul>","protected":false},"featured_media":42346,"template":"","meta":[],"product_brand":[],"product_cat":[80,1052],"product_tag":[],"class_list":{"0":"post-11858","1":"product","2":"type-product","3":"status-publish","4":"has-post-thumbnail","6":"product_cat-externo","7":"product_cat-semana-santa","9":"first","10":"outofstock","11":"sold-individually","12":"taxable","13":"shipping-taxable","14":"purchasable","15":"product-type-simple"},"yoast_head":"<!-- This site is optimized with the Yoast SEO plugin v27.4 - https:\/\/yoast.com\/product\/yoast-seo-wordpress\/ -->\n<title>Cl\u00ednic Semana Santa<\/title>\n<meta name=\"robots\" content=\"index, follow, max-snippet:-1, max-image-preview:large, max-video-preview:-1\" \/>\n<link rel=\"canonical\" href=\"https:\/\/www.profutcamps.com\/en\/product\/clinic-semana-santa\/\" \/>\n<meta property=\"og:locale\" content=\"en_GB\" \/>\n<meta property=\"og:type\" content=\"article\" \/>\n<meta property=\"og:title\" content=\"Cl\u00ednic Semana Santa\" \/>\n<meta property=\"og:description\" content=\"El cl\u00ednic Profutcamps tendr\u00e1 lugar el pr\u00f3ximo d\u00eda 25 de marzo en los campos de c\u00e9sped natural de Profutcamps y est\u00e1 compuesto de jornadas de entrenamiento de tecnificaci\u00f3n y alto rendimiento en grupos reducidos, mientras disfrutan de una experiencia \u00fanica con Entrenadores Del Real Betis B., M\u00e1laga C.F., Granada C.F....  \u00bfQu\u00e9 incluye?   4 d\u00edas de alto rendimiento\/alta tecnificaci\u00f3n.  4 campos de f\u00fatbol 11 de c\u00e9sped natural.  Entrenadores UEFA de canteras como, Sevilla CF, Valencia CF, Getafe CF, adem\u00e1s de nuestro preparador f\u00edsico en activo que trabaja con jugadores de 1\u00aadivisi\u00f3n y nuestro analista de v\u00eddeo.  1 Equipaci\u00f3n Nike de entrenamiento.  Visita de Scouts  Seguro RC + Accidentes\" \/>\n<meta property=\"og:url\" content=\"https:\/\/www.profutcamps.com\/en\/product\/clinic-semana-santa\/\" \/>\n<meta property=\"og:site_name\" content=\"Profutcamps\" \/>\n<meta property=\"article:publisher\" content=\"https:\/\/www.facebook.com\/Profutcamps\/\" \/>\n<meta property=\"article:modified_time\" content=\"2026-03-30T08:42:45+00:00\" \/>\n<meta property=\"og:image\" content=\"https:\/\/www.profutcamps.com\/wp-content\/uploads\/2026\/01\/Profutcamps-Clinic-Semana-Santa.webp\" \/>\n\t<meta property=\"og:image:width\" content=\"1000\" \/>\n\t<meta property=\"og:image:height\" content=\"1000\" \/>\n\t<meta property=\"og:image:type\" content=\"image\/webp\" \/>\n<meta name=\"twitter:card\" content=\"summary_large_image\" \/>\n<meta name=\"twitter:site\" content=\"@profutcamps\" \/>\n<meta name=\"twitter:label1\" content=\"Estimated reading time\" \/>\n\t<meta name=\"twitter:data1\" content=\"1 minute\" \/>\n<script type=\"application\/ld+json\" class=\"yoast-schema-graph\">{\"@context\":\"https:\\\/\\\/schema.org\",\"@graph\":[{\"@type\":\"WebPage\",\"@id\":\"https:\\\/\\\/www.profutcamps.com\\\/producto\\\/clinic-semana-santa\\\/\",\"url\":\"https:\\\/\\\/www.profutcamps.com\\\/producto\\\/clinic-semana-santa\\\/\",\"name\":\"Cl\u00ednic Semana Santa\",\"isPartOf\":{\"@id\":\"https:\\\/\\\/www.profutcamps.com\\\/#website\"},\"primaryImageOfPage\":{\"@id\":\"https:\\\/\\\/www.profutcamps.com\\\/producto\\\/clinic-semana-santa\\\/#primaryimage\"},\"image\":{\"@id\":\"https:\\\/\\\/www.profutcamps.com\\\/producto\\\/clinic-semana-santa\\\/#primaryimage\"},\"thumbnailUrl\":\"https:\\\/\\\/www.profutcamps.com\\\/wp-content\\\/uploads\\\/2026\\\/01\\\/Profutcamps-Clinic-Semana-Santa.webp\",\"datePublished\":\"2022-02-15T11:34:28+00:00\",\"dateModified\":\"2026-03-30T08:42:45+00:00\",\"breadcrumb\":{\"@id\":\"https:\\\/\\\/www.profutcamps.com\\\/producto\\\/clinic-semana-santa\\\/#breadcrumb\"},\"inLanguage\":\"en-GB\",\"potentialAction\":[{\"@type\":\"ReadAction\",\"target\":[\"https:\\\/\\\/www.profutcamps.com\\\/producto\\\/clinic-semana-santa\\\/\"]}]},{\"@type\":\"ImageObject\",\"inLanguage\":\"en-GB\",\"@id\":\"https:\\\/\\\/www.profutcamps.com\\\/producto\\\/clinic-semana-santa\\\/#primaryimage\",\"url\":\"https:\\\/\\\/www.profutcamps.com\\\/wp-content\\\/uploads\\\/2026\\\/01\\\/Profutcamps-Clinic-Semana-Santa.webp\",\"contentUrl\":\"https:\\\/\\\/www.profutcamps.com\\\/wp-content\\\/uploads\\\/2026\\\/01\\\/Profutcamps-Clinic-Semana-Santa.webp\",\"width\":1000,\"height\":1000},{\"@type\":\"BreadcrumbList\",\"@id\":\"https:\\\/\\\/www.profutcamps.com\\\/producto\\\/clinic-semana-santa\\\/#breadcrumb\",\"itemListElement\":[{\"@type\":\"ListItem\",\"position\":1,\"name\":\"Portada\",\"item\":\"https:\\\/\\\/www.profutcamps.com\\\/\"},{\"@type\":\"ListItem\",\"position\":2,\"name\":\"Tienda\",\"item\":\"https:\\\/\\\/www.profutcamps.com\\\/tienda\\\/\"},{\"@type\":\"ListItem\",\"position\":3,\"name\":\"Cl\u00ednic Semana Santa\"}]},{\"@type\":\"WebSite\",\"@id\":\"https:\\\/\\\/www.profutcamps.com\\\/#website\",\"url\":\"https:\\\/\\\/www.profutcamps.com\\\/\",\"name\":\"Profutcamps\",\"description\":\"Entrena como un profesional.\",\"publisher\":{\"@id\":\"https:\\\/\\\/www.profutcamps.com\\\/#organization\"},\"potentialAction\":[{\"@type\":\"SearchAction\",\"target\":{\"@type\":\"EntryPoint\",\"urlTemplate\":\"https:\\\/\\\/www.profutcamps.com\\\/?s={search_term_string}\"},\"query-input\":{\"@type\":\"PropertyValueSpecification\",\"valueRequired\":true,\"valueName\":\"search_term_string\"}}],\"inLanguage\":\"en-GB\"},{\"@type\":\"Organization\",\"@id\":\"https:\\\/\\\/www.profutcamps.com\\\/#organization\",\"name\":\"Profutcamps\",\"url\":\"https:\\\/\\\/www.profutcamps.com\\\/\",\"logo\":{\"@type\":\"ImageObject\",\"inLanguage\":\"en-GB\",\"@id\":\"https:\\\/\\\/www.profutcamps.com\\\/#\\\/schema\\\/logo\\\/image\\\/\",\"url\":\"\",\"contentUrl\":\"\",\"caption\":\"Profutcamps\"},\"image\":{\"@id\":\"https:\\\/\\\/www.profutcamps.com\\\/#\\\/schema\\\/logo\\\/image\\\/\"},\"sameAs\":[\"https:\\\/\\\/www.facebook.com\\\/Profutcamps\\\/\",\"https:\\\/\\\/x.com\\\/profutcamps\",\"https:\\\/\\\/www.instagram.com\\\/profutcamps\\\/\",\"https:\\\/\\\/www.linkedin.com\\\/company\\\/profutcamps\\\/\",\"https:\\\/\\\/www.youtube.com\\\/channel\\\/UCzqVg3BauC6-rsrDNuhEPlQ\\\/featured\"]}]}<\/script>\n<!-- \/ Yoast SEO plugin. -->","yoast_head_json":{"title":"Clinic Holy Week","robots":{"index":"index","follow":"follow","max-snippet":"max-snippet:-1","max-image-preview":"max-image-preview:large","max-video-preview":"max-video-preview:-1"},"canonical":"https:\/\/www.profutcamps.com\/en\/product\/clinic-semana-santa\/","og_locale":"en_GB","og_type":"article","og_title":"Cl\u00ednic Semana Santa","og_description":"El cl\u00ednic Profutcamps tendr\u00e1 lugar el pr\u00f3ximo d\u00eda 25 de marzo en los campos de c\u00e9sped natural de Profutcamps y est\u00e1 compuesto de jornadas de entrenamiento de tecnificaci\u00f3n y alto rendimiento en grupos reducidos, mientras disfrutan de una experiencia \u00fanica con Entrenadores Del Real Betis B., M\u00e1laga C.F., Granada C.F....  \u00bfQu\u00e9 incluye?   4 d\u00edas de alto rendimiento\/alta tecnificaci\u00f3n.  4 campos de f\u00fatbol 11 de c\u00e9sped natural.  Entrenadores UEFA de canteras como, Sevilla CF, Valencia CF, Getafe CF, adem\u00e1s de nuestro preparador f\u00edsico en activo que trabaja con jugadores de 1\u00aadivisi\u00f3n y nuestro analista de v\u00eddeo.  1 Equipaci\u00f3n Nike de entrenamiento.  Visita de Scouts  Seguro RC + Accidentes","og_url":"https:\/\/www.profutcamps.com\/en\/product\/clinic-semana-santa\/","og_site_name":"Profutcamps","article_publisher":"https:\/\/www.facebook.com\/Profutcamps\/","article_modified_time":"2026-03-30T08:42:45+00:00","og_image":[{"width":1000,"height":1000,"url":"https:\/\/www.profutcamps.com\/wp-content\/uploads\/2026\/01\/Profutcamps-Clinic-Semana-Santa.webp","type":"image\/webp"}],"twitter_card":"summary_large_image","twitter_site":"@profutcamps","twitter_misc":{"Estimated reading time":"1 minute"},"schema":{"@context":"https:\/\/schema.org","@graph":[{"@type":"WebPage","@id":"https:\/\/www.profutcamps.com\/producto\/clinic-semana-santa\/","url":"https:\/\/www.profutcamps.com\/producto\/clinic-semana-santa\/","name":"Clinic Holy Week","isPartOf":{"@id":"https:\/\/www.profutcamps.com\/#website"},"primaryImageOfPage":{"@id":"https:\/\/www.profutcamps.com\/producto\/clinic-semana-santa\/#primaryimage"},"image":{"@id":"https:\/\/www.profutcamps.com\/producto\/clinic-semana-santa\/#primaryimage"},"thumbnailUrl":"https:\/\/www.profutcamps.com\/wp-content\/uploads\/2026\/01\/Profutcamps-Clinic-Semana-Santa.webp","datePublished":"2022-02-15T11:34:28+00:00","dateModified":"2026-03-30T08:42:45+00:00","breadcrumb":{"@id":"https:\/\/www.profutcamps.com\/producto\/clinic-semana-santa\/#breadcrumb"},"inLanguage":"en-GB","potentialAction":[{"@type":"ReadAction","target":["https:\/\/www.profutcamps.com\/producto\/clinic-semana-santa\/"]}]},{"@type":"ImageObject","inLanguage":"en-GB","@id":"https:\/\/www.profutcamps.com\/producto\/clinic-semana-santa\/#primaryimage","url":"https:\/\/www.profutcamps.com\/wp-content\/uploads\/2026\/01\/Profutcamps-Clinic-Semana-Santa.webp","contentUrl":"https:\/\/www.profutcamps.com\/wp-content\/uploads\/2026\/01\/Profutcamps-Clinic-Semana-Santa.webp","width":1000,"height":1000},{"@type":"BreadcrumbList","@id":"https:\/\/www.profutcamps.com\/producto\/clinic-semana-santa\/#breadcrumb","itemListElement":[{"@type":"ListItem","position":1,"name":"Portada","item":"https:\/\/www.profutcamps.com\/"},{"@type":"ListItem","position":2,"name":"Tienda","item":"https:\/\/www.profutcamps.com\/tienda\/"},{"@type":"ListItem","position":3,"name":"Cl\u00ednic Semana Santa"}]},{"@type":"WebSite","@id":"https:\/\/www.profutcamps.com\/#website","url":"https:\/\/www.profutcamps.com\/","name":"Profutcamps","description":"Train like a professional.","publisher":{"@id":"https:\/\/www.profutcamps.com\/#organization"},"potentialAction":[{"@type":"SearchAction","target":{"@type":"EntryPoint","urlTemplate":"https:\/\/www.profutcamps.com\/?s={search_term_string}"},"query-input":{"@type":"PropertyValueSpecification","valueRequired":true,"valueName":"search_term_string"}}],"inLanguage":"en-GB"},{"@type":"Organization","@id":"https:\/\/www.profutcamps.com\/#organization","name":"Profutcamps","url":"https:\/\/www.profutcamps.com\/","logo":{"@type":"ImageObject","inLanguage":"en-GB","@id":"https:\/\/www.profutcamps.com\/#\/schema\/logo\/image\/","url":"","contentUrl":"","caption":"Profutcamps"},"image":{"@id":"https:\/\/www.profutcamps.com\/#\/schema\/logo\/image\/"},"sameAs":["https:\/\/www.facebook.com\/Profutcamps\/","https:\/\/x.com\/profutcamps","https:\/\/www.instagram.com\/profutcamps\/","https:\/\/www.linkedin.com\/company\/profutcamps\/","https:\/\/www.youtube.com\/channel\/UCzqVg3BauC6-rsrDNuhEPlQ\/featured"]}]}},"_links":{"self":[{"href":"https:\/\/www.profutcamps.com\/en\/wp-json\/wp\/v2\/product\/11858","targetHints":{"allow":["GET"]}}],"collection":[{"href":"https:\/\/www.profutcamps.com\/en\/wp-json\/wp\/v2\/product"}],"about":[{"href":"https:\/\/www.profutcamps.com\/en\/wp-json\/wp\/v2\/types\/product"}],"version-history":[{"count":3,"href":"https:\/\/www.profutcamps.com\/en\/wp-json\/wp\/v2\/product\/11858\/revisions"}],"predecessor-version":[{"id":43466,"href":"https:\/\/www.profutcamps.com\/en\/wp-json\/wp\/v2\/product\/11858\/revisions\/43466"}],"wp:featuredmedia":[{"embeddable":true,"href":"https:\/\/www.profutcamps.com\/en\/wp-json\/wp\/v2\/media\/42346"}],"wp:attachment":[{"href":"https:\/\/www.profutcamps.com\/en\/wp-json\/wp\/v2\/media?parent=11858"}],"wp:term":[{"taxonomy":"product_brand","embeddable":true,"href":"https:\/\/www.profutcamps.com\/en\/wp-json\/wp\/v2\/product_brand?post=11858"},{"taxonomy":"product_cat","embeddable":true,"href":"https:\/\/www.profutcamps.com\/en\/wp-json\/wp\/v2\/product_cat?post=11858"},{"taxonomy":"product_tag","embeddable":true,"href":"https:\/\/www.profutcamps.com\/en\/wp-json\/wp\/v2\/product_tag?post=11858"}],"curies":[{"name":"wp","href":"https:\/\/api.w.org\/{rel}","templated":true}]}}