{"id":2543,"date":"2019-12-04T13:02:53","date_gmt":"2019-12-04T12:02:53","guid":{"rendered":"https:\/\/www.profutcamps.com\/?post_type=product&#038;p=2543"},"modified":"2026-02-24T13:17:55","modified_gmt":"2026-02-24T12:17:55","slug":"campus-de-navidad-mananas-y-tardes","status":"publish","type":"product","link":"https:\/\/www.profutcamps.com\/en\/product\/campus-de-navidad-mananas-y-tardes\/","title":{"rendered":"Campus de Navidad (Las Rozas) &#8211; Ma\u00f1anas y Tardes"},"content":{"rendered":"<ul class=\"obfx-feature-list\">\n<li>Training of high-technology and high-performance<\/li>\n<li><i class=\"obfx-pricing-table-feature-icon fa fa-soccer-ball-o\"><\/i>Coaches UEFA quarries as Valencia CF, a Spanish CF, Granada CF, M\u00e1laga CF...<i class=\"obfx-pricing-table-feature-icon fa fa-sort\"><\/i><\/li>\n<li><i class=\"obfx-pricing-table-feature-icon fa fa-globe\"><\/i>2 kits of training full + Nike sweatshirt<\/li>\n<li><i class=\"obfx-pricing-table-feature-icon fa fa-coffee\"><\/i>Snack daily<\/li>\n<li>Buffet sport<\/li>\n<li>Civitas Metropolitan Tour<\/li>\n<li><i class=\"obfx-pricing-table-feature-icon fa fa-address-card\"><\/i>Accident insurance and RC<\/li>\n<li><i class=\"obfx-pricing-table-feature-icon fa fa-star\"><\/i>Certificate PROFUTCAMPS<\/li>\n<\/ul>","protected":false},"excerpt":{"rendered":"<p>Entrenamiento de alta tecnificaci\u00f3n y alto rendimiento Entrenadores UEFA de canteras como el Valencia CF, Espa\u00f1ol CF, Granada FC, M\u00e1laga CF&#8230; 2 equipaciones de entrenamiento completa + sudadera Nike Tentempi\u00e9 diario Buffet deportivo Tour Civitas Metropolitano Seguro de accidente y RC Certificado PROFUTCAMPS<\/p>","protected":false},"featured_media":37550,"template":"","meta":[],"product_brand":[],"product_cat":[1059],"product_tag":[1002,84,1061],"class_list":{"0":"post-2543","1":"product","2":"type-product","3":"status-publish","4":"has-post-thumbnail","6":"product_cat-navidad","7":"product_tag-campus-de-navidad","8":"product_tag-externo","9":"product_tag-mananas-y-tardes","11":"first","12":"outofstock","13":"sold-individually","14":"taxable","15":"shipping-taxable","16":"purchasable","17":"product-type-simple"},"yoast_head":"<!-- This site is optimized with the Yoast SEO plugin v27.4 - https:\/\/yoast.com\/product\/yoast-seo-wordpress\/ -->\n<title>Campus de Navidad (Las Rozas) - Ma\u00f1anas y Tardes<\/title>\n<meta name=\"robots\" content=\"index, follow, max-snippet:-1, max-image-preview:large, max-video-preview:-1\" \/>\n<link rel=\"canonical\" href=\"https:\/\/www.profutcamps.com\/en\/product\/campus-de-navidad-mananas-y-tardes\/\" \/>\n<meta property=\"og:locale\" content=\"en_GB\" \/>\n<meta property=\"og:type\" content=\"article\" \/>\n<meta property=\"og:title\" content=\"Campus de Navidad (Las Rozas) - Ma\u00f1anas y Tardes\" \/>\n<meta property=\"og:description\" content=\"Entrenamiento de alta tecnificaci\u00f3n y alto rendimiento Entrenadores UEFA de canteras como el Valencia CF, Espa\u00f1ol CF, Granada FC, M\u00e1laga CF&#8230; 2 equipaciones de entrenamiento completa + sudadera Nike Tentempi\u00e9 diario Buffet deportivo Tour Civitas Metropolitano Seguro de accidente y RC Certificado PROFUTCAMPS\" \/>\n<meta property=\"og:url\" content=\"https:\/\/www.profutcamps.com\/en\/product\/campus-de-navidad-mananas-y-tardes\/\" \/>\n<meta property=\"og:site_name\" content=\"Profutcamps\" \/>\n<meta property=\"article:publisher\" content=\"https:\/\/www.facebook.com\/Profutcamps\/\" \/>\n<meta property=\"article:modified_time\" content=\"2026-02-24T12:17:55+00:00\" \/>\n<meta property=\"og:image\" content=\"https:\/\/www.profutcamps.com\/wp-content\/uploads\/2025\/09\/Profutcamps-Campus-Navidad-Mananas-y-Tardes.webp\" \/>\n\t<meta property=\"og:image:width\" content=\"1000\" \/>\n\t<meta property=\"og:image:height\" content=\"1000\" \/>\n\t<meta property=\"og:image:type\" content=\"image\/webp\" \/>\n<meta name=\"twitter:card\" content=\"summary_large_image\" \/>\n<meta name=\"twitter:site\" content=\"@profutcamps\" \/>\n<meta name=\"twitter:label1\" content=\"Estimated reading time\" \/>\n\t<meta name=\"twitter:data1\" content=\"1 minute\" \/>\n<script type=\"application\/ld+json\" class=\"yoast-schema-graph\">{\"@context\":\"https:\\\/\\\/schema.org\",\"@graph\":[{\"@type\":\"WebPage\",\"@id\":\"https:\\\/\\\/www.profutcamps.com\\\/producto\\\/campus-de-navidad-mananas-y-tardes\\\/\",\"url\":\"https:\\\/\\\/www.profutcamps.com\\\/producto\\\/campus-de-navidad-mananas-y-tardes\\\/\",\"name\":\"Campus de Navidad (Las Rozas) - Ma\u00f1anas y Tardes\",\"isPartOf\":{\"@id\":\"https:\\\/\\\/www.profutcamps.com\\\/#website\"},\"primaryImageOfPage\":{\"@id\":\"https:\\\/\\\/www.profutcamps.com\\\/producto\\\/campus-de-navidad-mananas-y-tardes\\\/#primaryimage\"},\"image\":{\"@id\":\"https:\\\/\\\/www.profutcamps.com\\\/producto\\\/campus-de-navidad-mananas-y-tardes\\\/#primaryimage\"},\"thumbnailUrl\":\"https:\\\/\\\/www.profutcamps.com\\\/wp-content\\\/uploads\\\/2025\\\/09\\\/Profutcamps-Campus-Navidad-Mananas-y-Tardes.webp\",\"datePublished\":\"2019-12-04T12:02:53+00:00\",\"dateModified\":\"2026-02-24T12:17:55+00:00\",\"breadcrumb\":{\"@id\":\"https:\\\/\\\/www.profutcamps.com\\\/producto\\\/campus-de-navidad-mananas-y-tardes\\\/#breadcrumb\"},\"inLanguage\":\"en-GB\",\"potentialAction\":[{\"@type\":\"ReadAction\",\"target\":[\"https:\\\/\\\/www.profutcamps.com\\\/producto\\\/campus-de-navidad-mananas-y-tardes\\\/\"]}]},{\"@type\":\"ImageObject\",\"inLanguage\":\"en-GB\",\"@id\":\"https:\\\/\\\/www.profutcamps.com\\\/producto\\\/campus-de-navidad-mananas-y-tardes\\\/#primaryimage\",\"url\":\"https:\\\/\\\/www.profutcamps.com\\\/wp-content\\\/uploads\\\/2025\\\/09\\\/Profutcamps-Campus-Navidad-Mananas-y-Tardes.webp\",\"contentUrl\":\"https:\\\/\\\/www.profutcamps.com\\\/wp-content\\\/uploads\\\/2025\\\/09\\\/Profutcamps-Campus-Navidad-Mananas-y-Tardes.webp\",\"width\":1000,\"height\":1000},{\"@type\":\"BreadcrumbList\",\"@id\":\"https:\\\/\\\/www.profutcamps.com\\\/producto\\\/campus-de-navidad-mananas-y-tardes\\\/#breadcrumb\",\"itemListElement\":[{\"@type\":\"ListItem\",\"position\":1,\"name\":\"Portada\",\"item\":\"https:\\\/\\\/www.profutcamps.com\\\/\"},{\"@type\":\"ListItem\",\"position\":2,\"name\":\"Tienda\",\"item\":\"https:\\\/\\\/www.profutcamps.com\\\/tienda\\\/\"},{\"@type\":\"ListItem\",\"position\":3,\"name\":\"Campus de Navidad (Las Rozas) &#8211; Ma\u00f1anas y Tardes\"}]},{\"@type\":\"WebSite\",\"@id\":\"https:\\\/\\\/www.profutcamps.com\\\/#website\",\"url\":\"https:\\\/\\\/www.profutcamps.com\\\/\",\"name\":\"Profutcamps\",\"description\":\"Entrena como un profesional.\",\"publisher\":{\"@id\":\"https:\\\/\\\/www.profutcamps.com\\\/#organization\"},\"potentialAction\":[{\"@type\":\"SearchAction\",\"target\":{\"@type\":\"EntryPoint\",\"urlTemplate\":\"https:\\\/\\\/www.profutcamps.com\\\/?s={search_term_string}\"},\"query-input\":{\"@type\":\"PropertyValueSpecification\",\"valueRequired\":true,\"valueName\":\"search_term_string\"}}],\"inLanguage\":\"en-GB\"},{\"@type\":\"Organization\",\"@id\":\"https:\\\/\\\/www.profutcamps.com\\\/#organization\",\"name\":\"Profutcamps\",\"url\":\"https:\\\/\\\/www.profutcamps.com\\\/\",\"logo\":{\"@type\":\"ImageObject\",\"inLanguage\":\"en-GB\",\"@id\":\"https:\\\/\\\/www.profutcamps.com\\\/#\\\/schema\\\/logo\\\/image\\\/\",\"url\":\"\",\"contentUrl\":\"\",\"caption\":\"Profutcamps\"},\"image\":{\"@id\":\"https:\\\/\\\/www.profutcamps.com\\\/#\\\/schema\\\/logo\\\/image\\\/\"},\"sameAs\":[\"https:\\\/\\\/www.facebook.com\\\/Profutcamps\\\/\",\"https:\\\/\\\/x.com\\\/profutcamps\",\"https:\\\/\\\/www.instagram.com\\\/profutcamps\\\/\",\"https:\\\/\\\/www.linkedin.com\\\/company\\\/profutcamps\\\/\",\"https:\\\/\\\/www.youtube.com\\\/channel\\\/UCzqVg3BauC6-rsrDNuhEPlQ\\\/featured\"]}]}<\/script>\n<!-- \/ Yoast SEO plugin. -->","yoast_head_json":{"title":"Campus de Navidad (Las Rozas) - Ma\u00f1anas y Tardes","robots":{"index":"index","follow":"follow","max-snippet":"max-snippet:-1","max-image-preview":"max-image-preview:large","max-video-preview":"max-video-preview:-1"},"canonical":"https:\/\/www.profutcamps.com\/en\/product\/campus-de-navidad-mananas-y-tardes\/","og_locale":"en_GB","og_type":"article","og_title":"Campus de Navidad (Las Rozas) - Ma\u00f1anas y Tardes","og_description":"Entrenamiento de alta tecnificaci\u00f3n y alto rendimiento Entrenadores UEFA de canteras como el Valencia CF, Espa\u00f1ol CF, Granada FC, M\u00e1laga CF&#8230; 2 equipaciones de entrenamiento completa + sudadera Nike Tentempi\u00e9 diario Buffet deportivo Tour Civitas Metropolitano Seguro de accidente y RC Certificado PROFUTCAMPS","og_url":"https:\/\/www.profutcamps.com\/en\/product\/campus-de-navidad-mananas-y-tardes\/","og_site_name":"Profutcamps","article_publisher":"https:\/\/www.facebook.com\/Profutcamps\/","article_modified_time":"2026-02-24T12:17:55+00:00","og_image":[{"width":1000,"height":1000,"url":"https:\/\/www.profutcamps.com\/wp-content\/uploads\/2025\/09\/Profutcamps-Campus-Navidad-Mananas-y-Tardes.webp","type":"image\/webp"}],"twitter_card":"summary_large_image","twitter_site":"@profutcamps","twitter_misc":{"Estimated reading time":"1 minute"},"schema":{"@context":"https:\/\/schema.org","@graph":[{"@type":"WebPage","@id":"https:\/\/www.profutcamps.com\/producto\/campus-de-navidad-mananas-y-tardes\/","url":"https:\/\/www.profutcamps.com\/producto\/campus-de-navidad-mananas-y-tardes\/","name":"Campus de Navidad (Las Rozas) - Ma\u00f1anas y Tardes","isPartOf":{"@id":"https:\/\/www.profutcamps.com\/#website"},"primaryImageOfPage":{"@id":"https:\/\/www.profutcamps.com\/producto\/campus-de-navidad-mananas-y-tardes\/#primaryimage"},"image":{"@id":"https:\/\/www.profutcamps.com\/producto\/campus-de-navidad-mananas-y-tardes\/#primaryimage"},"thumbnailUrl":"https:\/\/www.profutcamps.com\/wp-content\/uploads\/2025\/09\/Profutcamps-Campus-Navidad-Mananas-y-Tardes.webp","datePublished":"2019-12-04T12:02:53+00:00","dateModified":"2026-02-24T12:17:55+00:00","breadcrumb":{"@id":"https:\/\/www.profutcamps.com\/producto\/campus-de-navidad-mananas-y-tardes\/#breadcrumb"},"inLanguage":"en-GB","potentialAction":[{"@type":"ReadAction","target":["https:\/\/www.profutcamps.com\/producto\/campus-de-navidad-mananas-y-tardes\/"]}]},{"@type":"ImageObject","inLanguage":"en-GB","@id":"https:\/\/www.profutcamps.com\/producto\/campus-de-navidad-mananas-y-tardes\/#primaryimage","url":"https:\/\/www.profutcamps.com\/wp-content\/uploads\/2025\/09\/Profutcamps-Campus-Navidad-Mananas-y-Tardes.webp","contentUrl":"https:\/\/www.profutcamps.com\/wp-content\/uploads\/2025\/09\/Profutcamps-Campus-Navidad-Mananas-y-Tardes.webp","width":1000,"height":1000},{"@type":"BreadcrumbList","@id":"https:\/\/www.profutcamps.com\/producto\/campus-de-navidad-mananas-y-tardes\/#breadcrumb","itemListElement":[{"@type":"ListItem","position":1,"name":"Portada","item":"https:\/\/www.profutcamps.com\/"},{"@type":"ListItem","position":2,"name":"Tienda","item":"https:\/\/www.profutcamps.com\/tienda\/"},{"@type":"ListItem","position":3,"name":"Campus de Navidad (Las Rozas) &#8211; Ma\u00f1anas y Tardes"}]},{"@type":"WebSite","@id":"https:\/\/www.profutcamps.com\/#website","url":"https:\/\/www.profutcamps.com\/","name":"Profutcamps","description":"Train like a professional.","publisher":{"@id":"https:\/\/www.profutcamps.com\/#organization"},"potentialAction":[{"@type":"SearchAction","target":{"@type":"EntryPoint","urlTemplate":"https:\/\/www.profutcamps.com\/?s={search_term_string}"},"query-input":{"@type":"PropertyValueSpecification","valueRequired":true,"valueName":"search_term_string"}}],"inLanguage":"en-GB"},{"@type":"Organization","@id":"https:\/\/www.profutcamps.com\/#organization","name":"Profutcamps","url":"https:\/\/www.profutcamps.com\/","logo":{"@type":"ImageObject","inLanguage":"en-GB","@id":"https:\/\/www.profutcamps.com\/#\/schema\/logo\/image\/","url":"","contentUrl":"","caption":"Profutcamps"},"image":{"@id":"https:\/\/www.profutcamps.com\/#\/schema\/logo\/image\/"},"sameAs":["https:\/\/www.facebook.com\/Profutcamps\/","https:\/\/x.com\/profutcamps","https:\/\/www.instagram.com\/profutcamps\/","https:\/\/www.linkedin.com\/company\/profutcamps\/","https:\/\/www.youtube.com\/channel\/UCzqVg3BauC6-rsrDNuhEPlQ\/featured"]}]}},"_links":{"self":[{"href":"https:\/\/www.profutcamps.com\/en\/wp-json\/wp\/v2\/product\/2543","targetHints":{"allow":["GET"]}}],"collection":[{"href":"https:\/\/www.profutcamps.com\/en\/wp-json\/wp\/v2\/product"}],"about":[{"href":"https:\/\/www.profutcamps.com\/en\/wp-json\/wp\/v2\/types\/product"}],"version-history":[{"count":2,"href":"https:\/\/www.profutcamps.com\/en\/wp-json\/wp\/v2\/product\/2543\/revisions"}],"predecessor-version":[{"id":41845,"href":"https:\/\/www.profutcamps.com\/en\/wp-json\/wp\/v2\/product\/2543\/revisions\/41845"}],"wp:featuredmedia":[{"embeddable":true,"href":"https:\/\/www.profutcamps.com\/en\/wp-json\/wp\/v2\/media\/37550"}],"wp:attachment":[{"href":"https:\/\/www.profutcamps.com\/en\/wp-json\/wp\/v2\/media?parent=2543"}],"wp:term":[{"taxonomy":"product_brand","embeddable":true,"href":"https:\/\/www.profutcamps.com\/en\/wp-json\/wp\/v2\/product_brand?post=2543"},{"taxonomy":"product_cat","embeddable":true,"href":"https:\/\/www.profutcamps.com\/en\/wp-json\/wp\/v2\/product_cat?post=2543"},{"taxonomy":"product_tag","embeddable":true,"href":"https:\/\/www.profutcamps.com\/en\/wp-json\/wp\/v2\/product_tag?post=2543"}],"curies":[{"name":"wp","href":"https:\/\/api.w.org\/{rel}","templated":true}]}}